{"id":50544,"date":"2021-12-06T14:30:30","date_gmt":"2021-12-06T13:30:30","guid":{"rendered":"https:\/\/www.colombodesign.com\/handles-and-bathroom-accessories-made-in-italy\/"},"modified":"2022-05-19T11:37:25","modified_gmt":"2022-05-19T09:37:25","slug":"handles-and-bathroom-accessories-made-in-italy","status":"publish","type":"page","link":"https:\/\/www.colombodesign.com\/de\/handles-and-bathroom-accessories-made-in-italy\/","title":{"rendered":"Griffe und Badaccessoires made in Italy"},"content":{"rendered":"\n<h2 class=\"wp-block-heading\">Colombo Design<\/h2>\n\n\n\n<h3 class=\"wp-block-heading\">DESIGN UND HERSTELLUNG VON ZUBEH\u00d6R F\u00dcR BADEZIMMERM\u00d6BEL UND GRIFFE F\u00dcR T\u00dcREN, FENSTER UND M\u00d6BEL<\/h3>\n\n\n\n<p>Colombo Design ist ein innovatives, designorientiertes Familienunternehmen, das 1990 gegr\u00fcndet wurde. Ein Bezugspunkt f\u00fcr Made in Italy in der Entwicklung und Produktion von Badaccessoires und Griffen f\u00fcr T\u00fcren, Fenster und M\u00f6bel. Kreativit\u00e4t, Know-how, Liebe zum Detail, hervorragende Fertigungsqualit\u00e4t und lokale Produktion. <br>Wir sind international anerkannt f\u00fcr die Qualit\u00e4t unserer Produkte, die vollst\u00e4ndig in Italien hergestellt und in Zusammenarbeit mit den wichtigsten Designern und Architekturb\u00fcros der Welt entworfen wurden.<\/p>\n","protected":false},"excerpt":{"rendered":"<p>Colombo Design DESIGN UND HERSTELLUNG VON ZUBEH\u00d6R F\u00dcR BADEZIMMERM\u00d6BEL UND GRIFFE F\u00dcR T\u00dcREN, FENSTER UND M\u00d6BEL Colombo Design ist ein innovatives, designorientiertes Familienunternehmen, das 1990 gegr\u00fcndet wurde. Ein Bezugspunkt f\u00fcr Made in Italy in der Entwicklung und Produktion von Badaccessoires und Griffen f\u00fcr T\u00fcren, Fenster und M\u00f6bel. Kreativit\u00e4t, Know-how, Liebe zum Detail, hervorragende Fertigungsqualit\u00e4t und [&hellip;]<\/p>\n","protected":false},"author":7,"featured_media":0,"parent":0,"menu_order":0,"comment_status":"closed","ping_status":"closed","template":"template_chisiamo.php","meta":{"_acf_changed":false,"footnotes":""},"class_list":["post-50544","page","type-page","status-publish","hentry"],"acf":[],"yoast_head":"<!-- This site is optimized with the Yoast SEO plugin v27.2 - https:\/\/yoast.com\/product\/yoast-seo-wordpress\/ -->\n<title>Griffe und Badaccessoires made in Italy &#8226; Colombo Design<\/title>\n<meta name=\"robots\" content=\"index, follow, max-snippet:-1, max-image-preview:large, max-video-preview:-1\" \/>\n<link rel=\"canonical\" href=\"https:\/\/www.colombodesign.com\/de\/handles-and-bathroom-accessories-made-in-italy\/\" \/>\n<meta property=\"og:locale\" content=\"de_DE\" \/>\n<meta property=\"og:type\" content=\"article\" \/>\n<meta property=\"og:title\" content=\"Griffe und Badaccessoires made in Italy &#8226; Colombo Design\" \/>\n<meta property=\"og:description\" content=\"Colombo Design DESIGN UND HERSTELLUNG VON ZUBEH\u00d6R F\u00dcR BADEZIMMERM\u00d6BEL UND GRIFFE F\u00dcR T\u00dcREN, FENSTER UND M\u00d6BEL Colombo Design ist ein innovatives, designorientiertes Familienunternehmen, das 1990 gegr\u00fcndet wurde. Ein Bezugspunkt f\u00fcr Made in Italy in der Entwicklung und Produktion von Badaccessoires und Griffen f\u00fcr T\u00fcren, Fenster und M\u00f6bel. Kreativit\u00e4t, Know-how, Liebe zum Detail, hervorragende Fertigungsqualit\u00e4t und [&hellip;]\" \/>\n<meta property=\"og:url\" content=\"https:\/\/www.colombodesign.com\/de\/handles-and-bathroom-accessories-made-in-italy\/\" \/>\n<meta property=\"og:site_name\" content=\"Colombo Design\" \/>\n<meta property=\"article:publisher\" content=\"https:\/\/www.facebook.com\/colombodesignspa\/\" \/>\n<meta property=\"article:modified_time\" content=\"2022-05-19T09:37:25+00:00\" \/>\n<meta name=\"twitter:card\" content=\"summary_large_image\" \/>\n<meta name=\"twitter:label1\" content=\"Gesch\u00e4tzte Lesezeit\" \/>\n\t<meta name=\"twitter:data1\" content=\"1\u00a0Minute\" \/>\n<script type=\"application\/ld+json\" class=\"yoast-schema-graph\">{\"@context\":\"https:\/\/schema.org\",\"@graph\":[{\"@type\":\"WebPage\",\"@id\":\"https:\/\/www.colombodesign.com\/de\/handles-and-bathroom-accessories-made-in-italy\/\",\"url\":\"https:\/\/www.colombodesign.com\/de\/handles-and-bathroom-accessories-made-in-italy\/\",\"name\":\"Griffe und Badaccessoires made in Italy &#8226; Colombo Design\",\"isPartOf\":{\"@id\":\"https:\/\/www.colombodesign.com\/#website\"},\"datePublished\":\"2021-12-06T13:30:30+00:00\",\"dateModified\":\"2022-05-19T09:37:25+00:00\",\"breadcrumb\":{\"@id\":\"https:\/\/www.colombodesign.com\/de\/handles-and-bathroom-accessories-made-in-italy\/#breadcrumb\"},\"inLanguage\":\"de\",\"potentialAction\":[{\"@type\":\"ReadAction\",\"target\":[\"https:\/\/www.colombodesign.com\/de\/handles-and-bathroom-accessories-made-in-italy\/\"]}]},{\"@type\":\"BreadcrumbList\",\"@id\":\"https:\/\/www.colombodesign.com\/de\/handles-and-bathroom-accessories-made-in-italy\/#breadcrumb\",\"itemListElement\":[{\"@type\":\"ListItem\",\"position\":1,\"name\":\"Home\",\"item\":\"https:\/\/www.colombodesign.com\/de\/\"},{\"@type\":\"ListItem\",\"position\":2,\"name\":\"Griffe und Badaccessoires made in Italy\"}]},{\"@type\":\"WebSite\",\"@id\":\"https:\/\/www.colombodesign.com\/#website\",\"url\":\"https:\/\/www.colombodesign.com\/\",\"name\":\"Colombo Design\",\"description\":\"Maniglie, accessori bagno ed arredo bagno\",\"publisher\":{\"@id\":\"https:\/\/www.colombodesign.com\/#organization\"},\"potentialAction\":[{\"@type\":\"SearchAction\",\"target\":{\"@type\":\"EntryPoint\",\"urlTemplate\":\"https:\/\/www.colombodesign.com\/?s={search_term_string}\"},\"query-input\":{\"@type\":\"PropertyValueSpecification\",\"valueRequired\":true,\"valueName\":\"search_term_string\"}}],\"inLanguage\":\"de\"},{\"@type\":\"Organization\",\"@id\":\"https:\/\/www.colombodesign.com\/#organization\",\"name\":\"Colombo Design\",\"url\":\"https:\/\/www.colombodesign.com\/\",\"logo\":{\"@type\":\"ImageObject\",\"inLanguage\":\"de\",\"@id\":\"https:\/\/www.colombodesign.com\/#\/schema\/logo\/image\/\",\"url\":\"https:\/\/www.colombodesign.com\/wp-content\/uploads\/2022\/03\/colombo-design-logo.png\",\"contentUrl\":\"https:\/\/www.colombodesign.com\/wp-content\/uploads\/2022\/03\/colombo-design-logo.png\",\"width\":186,\"height\":82,\"caption\":\"Colombo Design\"},\"image\":{\"@id\":\"https:\/\/www.colombodesign.com\/#\/schema\/logo\/image\/\"},\"sameAs\":[\"https:\/\/www.facebook.com\/colombodesignspa\/\",\"https:\/\/www.instagram.com\/colombodesign\/\",\"https:\/\/www.linkedin.com\/company\/colombo-design-s-p-a-\/\",\"https:\/\/www.pinterest.it\/colombodesignofficial\/\",\"https:\/\/www.youtube.com\/channel\/UCukdBqTYLtBAzzCj6UUYBtA\"]}]}<\/script>\n<!-- \/ Yoast SEO plugin. -->","yoast_head_json":{"title":"Griffe und Badaccessoires made in Italy &#8226; Colombo Design","robots":{"index":"index","follow":"follow","max-snippet":"max-snippet:-1","max-image-preview":"max-image-preview:large","max-video-preview":"max-video-preview:-1"},"canonical":"https:\/\/www.colombodesign.com\/de\/handles-and-bathroom-accessories-made-in-italy\/","og_locale":"de_DE","og_type":"article","og_title":"Griffe und Badaccessoires made in Italy &#8226; Colombo Design","og_description":"Colombo Design DESIGN UND HERSTELLUNG VON ZUBEH\u00d6R F\u00dcR BADEZIMMERM\u00d6BEL UND GRIFFE F\u00dcR T\u00dcREN, FENSTER UND M\u00d6BEL Colombo Design ist ein innovatives, designorientiertes Familienunternehmen, das 1990 gegr\u00fcndet wurde. Ein Bezugspunkt f\u00fcr Made in Italy in der Entwicklung und Produktion von Badaccessoires und Griffen f\u00fcr T\u00fcren, Fenster und M\u00f6bel. Kreativit\u00e4t, Know-how, Liebe zum Detail, hervorragende Fertigungsqualit\u00e4t und [&hellip;]","og_url":"https:\/\/www.colombodesign.com\/de\/handles-and-bathroom-accessories-made-in-italy\/","og_site_name":"Colombo Design","article_publisher":"https:\/\/www.facebook.com\/colombodesignspa\/","article_modified_time":"2022-05-19T09:37:25+00:00","twitter_card":"summary_large_image","twitter_misc":{"Gesch\u00e4tzte Lesezeit":"1\u00a0Minute"},"schema":{"@context":"https:\/\/schema.org","@graph":[{"@type":"WebPage","@id":"https:\/\/www.colombodesign.com\/de\/handles-and-bathroom-accessories-made-in-italy\/","url":"https:\/\/www.colombodesign.com\/de\/handles-and-bathroom-accessories-made-in-italy\/","name":"Griffe und Badaccessoires made in Italy &#8226; Colombo Design","isPartOf":{"@id":"https:\/\/www.colombodesign.com\/#website"},"datePublished":"2021-12-06T13:30:30+00:00","dateModified":"2022-05-19T09:37:25+00:00","breadcrumb":{"@id":"https:\/\/www.colombodesign.com\/de\/handles-and-bathroom-accessories-made-in-italy\/#breadcrumb"},"inLanguage":"de","potentialAction":[{"@type":"ReadAction","target":["https:\/\/www.colombodesign.com\/de\/handles-and-bathroom-accessories-made-in-italy\/"]}]},{"@type":"BreadcrumbList","@id":"https:\/\/www.colombodesign.com\/de\/handles-and-bathroom-accessories-made-in-italy\/#breadcrumb","itemListElement":[{"@type":"ListItem","position":1,"name":"Home","item":"https:\/\/www.colombodesign.com\/de\/"},{"@type":"ListItem","position":2,"name":"Griffe und Badaccessoires made in Italy"}]},{"@type":"WebSite","@id":"https:\/\/www.colombodesign.com\/#website","url":"https:\/\/www.colombodesign.com\/","name":"Colombo Design","description":"Maniglie, accessori bagno ed arredo bagno","publisher":{"@id":"https:\/\/www.colombodesign.com\/#organization"},"potentialAction":[{"@type":"SearchAction","target":{"@type":"EntryPoint","urlTemplate":"https:\/\/www.colombodesign.com\/?s={search_term_string}"},"query-input":{"@type":"PropertyValueSpecification","valueRequired":true,"valueName":"search_term_string"}}],"inLanguage":"de"},{"@type":"Organization","@id":"https:\/\/www.colombodesign.com\/#organization","name":"Colombo Design","url":"https:\/\/www.colombodesign.com\/","logo":{"@type":"ImageObject","inLanguage":"de","@id":"https:\/\/www.colombodesign.com\/#\/schema\/logo\/image\/","url":"https:\/\/www.colombodesign.com\/wp-content\/uploads\/2022\/03\/colombo-design-logo.png","contentUrl":"https:\/\/www.colombodesign.com\/wp-content\/uploads\/2022\/03\/colombo-design-logo.png","width":186,"height":82,"caption":"Colombo Design"},"image":{"@id":"https:\/\/www.colombodesign.com\/#\/schema\/logo\/image\/"},"sameAs":["https:\/\/www.facebook.com\/colombodesignspa\/","https:\/\/www.instagram.com\/colombodesign\/","https:\/\/www.linkedin.com\/company\/colombo-design-s-p-a-\/","https:\/\/www.pinterest.it\/colombodesignofficial\/","https:\/\/www.youtube.com\/channel\/UCukdBqTYLtBAzzCj6UUYBtA"]}]}},"_links":{"self":[{"href":"https:\/\/www.colombodesign.com\/de\/wp-json\/wp\/v2\/pages\/50544","targetHints":{"allow":["GET"]}}],"collection":[{"href":"https:\/\/www.colombodesign.com\/de\/wp-json\/wp\/v2\/pages"}],"about":[{"href":"https:\/\/www.colombodesign.com\/de\/wp-json\/wp\/v2\/types\/page"}],"author":[{"embeddable":true,"href":"https:\/\/www.colombodesign.com\/de\/wp-json\/wp\/v2\/users\/7"}],"replies":[{"embeddable":true,"href":"https:\/\/www.colombodesign.com\/de\/wp-json\/wp\/v2\/comments?post=50544"}],"version-history":[{"count":5,"href":"https:\/\/www.colombodesign.com\/de\/wp-json\/wp\/v2\/pages\/50544\/revisions"}],"predecessor-version":[{"id":50554,"href":"https:\/\/www.colombodesign.com\/de\/wp-json\/wp\/v2\/pages\/50544\/revisions\/50554"}],"wp:attachment":[{"href":"https:\/\/www.colombodesign.com\/de\/wp-json\/wp\/v2\/media?parent=50544"}],"curies":[{"name":"wp","href":"https:\/\/api.w.org\/{rel}","templated":true}]}}