{"id":50570,"date":"2022-01-19T13:08:28","date_gmt":"2022-01-19T12:08:28","guid":{"rendered":"https:\/\/www.colombodesign.com\/cabins-and-shower-cubicles\/"},"modified":"2022-05-19T12:42:59","modified_gmt":"2022-05-19T10:42:59","slug":"cabins-and-shower-cubicles","status":"publish","type":"page","link":"https:\/\/www.colombodesign.com\/de\/cabins-and-shower-cubicles\/","title":{"rendered":"Duschw\u00e4nde und Duschkabinen"},"content":{"rendered":"\n<h3 class=\"wp-block-heading\">COLOMBO DESIGN UND CESANA ZUSAMMEN BEI DER HERSTELLUNG UND VERMARKTUNG VON DUSCHW\u00c4NDE UND DUSCHKABINEN.<\/h3>\n\n\n\n<p>Eine strategische Partnerschaft, die 2014 geboren und 2018 gest\u00e4rkt wurde, als Colombo Design eine Unternehmensbeteiligung an Cesana erwarb und seine f\u00fchrende europ\u00e4ische Produktions- und Logistikstruktur zur Verf\u00fcgung stellte. Die Produktion der Duschabtrennungen von Cesana wurde in das Werk Colombo Design integriert. Cesana hat in der Solferino Stra\u03b2e, 18 im Stadtzentrum von Mailand einen gro\u00dfen Ausstellungsraum f\u00fcr Kunden und Architekten er\u00f6ffnet.<\/p>\n","protected":false},"excerpt":{"rendered":"<p>COLOMBO DESIGN UND CESANA ZUSAMMEN BEI DER HERSTELLUNG UND VERMARKTUNG VON DUSCHW\u00c4NDE UND DUSCHKABINEN. Eine strategische Partnerschaft, die 2014 geboren und 2018 gest\u00e4rkt wurde, als Colombo Design eine Unternehmensbeteiligung an Cesana erwarb und seine f\u00fchrende europ\u00e4ische Produktions- und Logistikstruktur zur Verf\u00fcgung stellte. Die Produktion der Duschabtrennungen von Cesana wurde in das Werk Colombo Design integriert. [&hellip;]<\/p>\n","protected":false},"author":7,"featured_media":0,"parent":0,"menu_order":0,"comment_status":"closed","ping_status":"closed","template":"template_chisiamo.php","meta":{"_acf_changed":false,"footnotes":""},"class_list":["post-50570","page","type-page","status-publish","hentry"],"acf":[],"yoast_head":"<!-- This site is optimized with the Yoast SEO plugin v27.2 - https:\/\/yoast.com\/product\/yoast-seo-wordpress\/ -->\n<title>Duschw\u00e4nde und Duschkabinen &#8226; Colombo Design<\/title>\n<meta name=\"robots\" content=\"index, follow, max-snippet:-1, max-image-preview:large, max-video-preview:-1\" \/>\n<link rel=\"canonical\" href=\"https:\/\/www.colombodesign.com\/de\/cabins-and-shower-cubicles\/\" \/>\n<meta property=\"og:locale\" content=\"de_DE\" \/>\n<meta property=\"og:type\" content=\"article\" \/>\n<meta property=\"og:title\" content=\"Duschw\u00e4nde und Duschkabinen &#8226; Colombo Design\" \/>\n<meta property=\"og:description\" content=\"COLOMBO DESIGN UND CESANA ZUSAMMEN BEI DER HERSTELLUNG UND VERMARKTUNG VON DUSCHW\u00c4NDE UND DUSCHKABINEN. Eine strategische Partnerschaft, die 2014 geboren und 2018 gest\u00e4rkt wurde, als Colombo Design eine Unternehmensbeteiligung an Cesana erwarb und seine f\u00fchrende europ\u00e4ische Produktions- und Logistikstruktur zur Verf\u00fcgung stellte. Die Produktion der Duschabtrennungen von Cesana wurde in das Werk Colombo Design integriert. [&hellip;]\" \/>\n<meta property=\"og:url\" content=\"https:\/\/www.colombodesign.com\/de\/cabins-and-shower-cubicles\/\" \/>\n<meta property=\"og:site_name\" content=\"Colombo Design\" \/>\n<meta property=\"article:publisher\" content=\"https:\/\/www.facebook.com\/colombodesignspa\/\" \/>\n<meta property=\"article:modified_time\" content=\"2022-05-19T10:42:59+00:00\" \/>\n<meta name=\"twitter:card\" content=\"summary_large_image\" \/>\n<meta name=\"twitter:label1\" content=\"Gesch\u00e4tzte Lesezeit\" \/>\n\t<meta name=\"twitter:data1\" content=\"1\u00a0Minute\" \/>\n<script type=\"application\/ld+json\" class=\"yoast-schema-graph\">{\"@context\":\"https:\/\/schema.org\",\"@graph\":[{\"@type\":\"WebPage\",\"@id\":\"https:\/\/www.colombodesign.com\/de\/cabins-and-shower-cubicles\/\",\"url\":\"https:\/\/www.colombodesign.com\/de\/cabins-and-shower-cubicles\/\",\"name\":\"Duschw\u00e4nde und Duschkabinen &#8226; Colombo Design\",\"isPartOf\":{\"@id\":\"https:\/\/www.colombodesign.com\/#website\"},\"datePublished\":\"2022-01-19T12:08:28+00:00\",\"dateModified\":\"2022-05-19T10:42:59+00:00\",\"breadcrumb\":{\"@id\":\"https:\/\/www.colombodesign.com\/de\/cabins-and-shower-cubicles\/#breadcrumb\"},\"inLanguage\":\"de\",\"potentialAction\":[{\"@type\":\"ReadAction\",\"target\":[\"https:\/\/www.colombodesign.com\/de\/cabins-and-shower-cubicles\/\"]}]},{\"@type\":\"BreadcrumbList\",\"@id\":\"https:\/\/www.colombodesign.com\/de\/cabins-and-shower-cubicles\/#breadcrumb\",\"itemListElement\":[{\"@type\":\"ListItem\",\"position\":1,\"name\":\"Home\",\"item\":\"https:\/\/www.colombodesign.com\/de\/\"},{\"@type\":\"ListItem\",\"position\":2,\"name\":\"Duschw\u00e4nde und Duschkabinen\"}]},{\"@type\":\"WebSite\",\"@id\":\"https:\/\/www.colombodesign.com\/#website\",\"url\":\"https:\/\/www.colombodesign.com\/\",\"name\":\"Colombo Design\",\"description\":\"Maniglie, accessori bagno ed arredo bagno\",\"publisher\":{\"@id\":\"https:\/\/www.colombodesign.com\/#organization\"},\"potentialAction\":[{\"@type\":\"SearchAction\",\"target\":{\"@type\":\"EntryPoint\",\"urlTemplate\":\"https:\/\/www.colombodesign.com\/?s={search_term_string}\"},\"query-input\":{\"@type\":\"PropertyValueSpecification\",\"valueRequired\":true,\"valueName\":\"search_term_string\"}}],\"inLanguage\":\"de\"},{\"@type\":\"Organization\",\"@id\":\"https:\/\/www.colombodesign.com\/#organization\",\"name\":\"Colombo Design\",\"url\":\"https:\/\/www.colombodesign.com\/\",\"logo\":{\"@type\":\"ImageObject\",\"inLanguage\":\"de\",\"@id\":\"https:\/\/www.colombodesign.com\/#\/schema\/logo\/image\/\",\"url\":\"https:\/\/www.colombodesign.com\/wp-content\/uploads\/2022\/03\/colombo-design-logo.png\",\"contentUrl\":\"https:\/\/www.colombodesign.com\/wp-content\/uploads\/2022\/03\/colombo-design-logo.png\",\"width\":186,\"height\":82,\"caption\":\"Colombo Design\"},\"image\":{\"@id\":\"https:\/\/www.colombodesign.com\/#\/schema\/logo\/image\/\"},\"sameAs\":[\"https:\/\/www.facebook.com\/colombodesignspa\/\",\"https:\/\/www.instagram.com\/colombodesign\/\",\"https:\/\/www.linkedin.com\/company\/colombo-design-s-p-a-\/\",\"https:\/\/www.pinterest.it\/colombodesignofficial\/\",\"https:\/\/www.youtube.com\/channel\/UCukdBqTYLtBAzzCj6UUYBtA\"]}]}<\/script>\n<!-- \/ Yoast SEO plugin. -->","yoast_head_json":{"title":"Duschw\u00e4nde und Duschkabinen &#8226; Colombo Design","robots":{"index":"index","follow":"follow","max-snippet":"max-snippet:-1","max-image-preview":"max-image-preview:large","max-video-preview":"max-video-preview:-1"},"canonical":"https:\/\/www.colombodesign.com\/de\/cabins-and-shower-cubicles\/","og_locale":"de_DE","og_type":"article","og_title":"Duschw\u00e4nde und Duschkabinen &#8226; Colombo Design","og_description":"COLOMBO DESIGN UND CESANA ZUSAMMEN BEI DER HERSTELLUNG UND VERMARKTUNG VON DUSCHW\u00c4NDE UND DUSCHKABINEN. Eine strategische Partnerschaft, die 2014 geboren und 2018 gest\u00e4rkt wurde, als Colombo Design eine Unternehmensbeteiligung an Cesana erwarb und seine f\u00fchrende europ\u00e4ische Produktions- und Logistikstruktur zur Verf\u00fcgung stellte. Die Produktion der Duschabtrennungen von Cesana wurde in das Werk Colombo Design integriert. [&hellip;]","og_url":"https:\/\/www.colombodesign.com\/de\/cabins-and-shower-cubicles\/","og_site_name":"Colombo Design","article_publisher":"https:\/\/www.facebook.com\/colombodesignspa\/","article_modified_time":"2022-05-19T10:42:59+00:00","twitter_card":"summary_large_image","twitter_misc":{"Gesch\u00e4tzte Lesezeit":"1\u00a0Minute"},"schema":{"@context":"https:\/\/schema.org","@graph":[{"@type":"WebPage","@id":"https:\/\/www.colombodesign.com\/de\/cabins-and-shower-cubicles\/","url":"https:\/\/www.colombodesign.com\/de\/cabins-and-shower-cubicles\/","name":"Duschw\u00e4nde und Duschkabinen &#8226; Colombo Design","isPartOf":{"@id":"https:\/\/www.colombodesign.com\/#website"},"datePublished":"2022-01-19T12:08:28+00:00","dateModified":"2022-05-19T10:42:59+00:00","breadcrumb":{"@id":"https:\/\/www.colombodesign.com\/de\/cabins-and-shower-cubicles\/#breadcrumb"},"inLanguage":"de","potentialAction":[{"@type":"ReadAction","target":["https:\/\/www.colombodesign.com\/de\/cabins-and-shower-cubicles\/"]}]},{"@type":"BreadcrumbList","@id":"https:\/\/www.colombodesign.com\/de\/cabins-and-shower-cubicles\/#breadcrumb","itemListElement":[{"@type":"ListItem","position":1,"name":"Home","item":"https:\/\/www.colombodesign.com\/de\/"},{"@type":"ListItem","position":2,"name":"Duschw\u00e4nde und Duschkabinen"}]},{"@type":"WebSite","@id":"https:\/\/www.colombodesign.com\/#website","url":"https:\/\/www.colombodesign.com\/","name":"Colombo Design","description":"Maniglie, accessori bagno ed arredo bagno","publisher":{"@id":"https:\/\/www.colombodesign.com\/#organization"},"potentialAction":[{"@type":"SearchAction","target":{"@type":"EntryPoint","urlTemplate":"https:\/\/www.colombodesign.com\/?s={search_term_string}"},"query-input":{"@type":"PropertyValueSpecification","valueRequired":true,"valueName":"search_term_string"}}],"inLanguage":"de"},{"@type":"Organization","@id":"https:\/\/www.colombodesign.com\/#organization","name":"Colombo Design","url":"https:\/\/www.colombodesign.com\/","logo":{"@type":"ImageObject","inLanguage":"de","@id":"https:\/\/www.colombodesign.com\/#\/schema\/logo\/image\/","url":"https:\/\/www.colombodesign.com\/wp-content\/uploads\/2022\/03\/colombo-design-logo.png","contentUrl":"https:\/\/www.colombodesign.com\/wp-content\/uploads\/2022\/03\/colombo-design-logo.png","width":186,"height":82,"caption":"Colombo Design"},"image":{"@id":"https:\/\/www.colombodesign.com\/#\/schema\/logo\/image\/"},"sameAs":["https:\/\/www.facebook.com\/colombodesignspa\/","https:\/\/www.instagram.com\/colombodesign\/","https:\/\/www.linkedin.com\/company\/colombo-design-s-p-a-\/","https:\/\/www.pinterest.it\/colombodesignofficial\/","https:\/\/www.youtube.com\/channel\/UCukdBqTYLtBAzzCj6UUYBtA"]}]}},"_links":{"self":[{"href":"https:\/\/www.colombodesign.com\/de\/wp-json\/wp\/v2\/pages\/50570","targetHints":{"allow":["GET"]}}],"collection":[{"href":"https:\/\/www.colombodesign.com\/de\/wp-json\/wp\/v2\/pages"}],"about":[{"href":"https:\/\/www.colombodesign.com\/de\/wp-json\/wp\/v2\/types\/page"}],"author":[{"embeddable":true,"href":"https:\/\/www.colombodesign.com\/de\/wp-json\/wp\/v2\/users\/7"}],"replies":[{"embeddable":true,"href":"https:\/\/www.colombodesign.com\/de\/wp-json\/wp\/v2\/comments?post=50570"}],"version-history":[{"count":2,"href":"https:\/\/www.colombodesign.com\/de\/wp-json\/wp\/v2\/pages\/50570\/revisions"}],"predecessor-version":[{"id":50590,"href":"https:\/\/www.colombodesign.com\/de\/wp-json\/wp\/v2\/pages\/50570\/revisions\/50590"}],"wp:attachment":[{"href":"https:\/\/www.colombodesign.com\/de\/wp-json\/wp\/v2\/media?parent=50570"}],"curies":[{"name":"wp","href":"https:\/\/api.w.org\/{rel}","templated":true}]}}