{"id":50790,"date":"2022-01-12T16:08:56","date_gmt":"2022-01-12T15:08:56","guid":{"rendered":"https:\/\/www.colombodesign.com\/3d-download\/"},"modified":"2022-06-24T10:59:07","modified_gmt":"2022-06-24T08:59:07","slug":"3d-download","status":"publish","type":"page","link":"https:\/\/www.colombodesign.com\/de\/3d-download\/","title":{"rendered":"3D download"},"content":{"rendered":"\n<h2 class=\"wp-block-heading\">Downloadbereich<\/h2>\n\n\n\n<p>Wir arbeiten hart f\u00fcr Fachleute, die sich f\u00fcr die Produkte von Colombo Design f\u00fcr Projekte entscheiden.<\/p>\n\n\n\n<p>Dieser Bereich der Website bietet Architekten, Designern und Einzelh\u00e4ndlern vorrangigen Zugang zum Download unserer 3D-Modelle.<\/p>\n\n\n\n<p><\/p>\n\n\n\n<div class=\"wp-block-buttons is-horizontal is-content-justification-center is-layout-flex wp-container-core-buttons-is-layout-499968f5 wp-block-buttons-is-layout-flex\">\n<div class=\"wp-block-button\"><a class=\"wp-block-button__link\" href=\"http:\/\/download.colombodesign.com\/?lang=en\" target=\"_blank\" rel=\"noreferrer noopener\">LOGIN<\/a><\/div>\n\n\n\n<div class=\"wp-block-button\"><a class=\"wp-block-button__link\" href=\"http:\/\/privacy.colombodesign.com\/area-download-3d\/\" target=\"_blank\" rel=\"noreferrer noopener\">REGISTER<\/a><\/div>\n<\/div>\n\n\n\n<p><\/p>\n","protected":false},"excerpt":{"rendered":"<p>Downloadbereich Wir arbeiten hart f\u00fcr Fachleute, die sich f\u00fcr die Produkte von Colombo Design f\u00fcr Projekte entscheiden. Dieser Bereich der Website bietet Architekten, Designern und Einzelh\u00e4ndlern vorrangigen Zugang zum Download unserer 3D-Modelle.<\/p>\n","protected":false},"author":7,"featured_media":0,"parent":0,"menu_order":0,"comment_status":"closed","ping_status":"closed","template":"template_chisiamo.php","meta":{"_acf_changed":false,"footnotes":""},"class_list":["post-50790","page","type-page","status-publish","hentry"],"acf":[],"yoast_head":"<!-- This site is optimized with the Yoast SEO plugin v27.2 - https:\/\/yoast.com\/product\/yoast-seo-wordpress\/ -->\n<title>3D download &#8226; Colombo Design<\/title>\n<meta name=\"robots\" content=\"index, follow, max-snippet:-1, max-image-preview:large, max-video-preview:-1\" \/>\n<link rel=\"canonical\" href=\"https:\/\/www.colombodesign.com\/de\/3d-download\/\" \/>\n<meta property=\"og:locale\" content=\"de_DE\" \/>\n<meta property=\"og:type\" content=\"article\" \/>\n<meta property=\"og:title\" content=\"3D download &#8226; Colombo Design\" \/>\n<meta property=\"og:description\" content=\"Downloadbereich Wir arbeiten hart f\u00fcr Fachleute, die sich f\u00fcr die Produkte von Colombo Design f\u00fcr Projekte entscheiden. Dieser Bereich der Website bietet Architekten, Designern und Einzelh\u00e4ndlern vorrangigen Zugang zum Download unserer 3D-Modelle.\" \/>\n<meta property=\"og:url\" content=\"https:\/\/www.colombodesign.com\/de\/3d-download\/\" \/>\n<meta property=\"og:site_name\" content=\"Colombo Design\" \/>\n<meta property=\"article:publisher\" content=\"https:\/\/www.facebook.com\/colombodesignspa\/\" \/>\n<meta property=\"article:modified_time\" content=\"2022-06-24T08:59:07+00:00\" \/>\n<meta name=\"twitter:card\" content=\"summary_large_image\" \/>\n<meta name=\"twitter:label1\" content=\"Gesch\u00e4tzte Lesezeit\" \/>\n\t<meta name=\"twitter:data1\" content=\"1\u00a0Minute\" \/>\n<script type=\"application\/ld+json\" class=\"yoast-schema-graph\">{\"@context\":\"https:\/\/schema.org\",\"@graph\":[{\"@type\":\"WebPage\",\"@id\":\"https:\/\/www.colombodesign.com\/de\/3d-download\/\",\"url\":\"https:\/\/www.colombodesign.com\/de\/3d-download\/\",\"name\":\"3D download &#8226; Colombo Design\",\"isPartOf\":{\"@id\":\"https:\/\/www.colombodesign.com\/#website\"},\"datePublished\":\"2022-01-12T15:08:56+00:00\",\"dateModified\":\"2022-06-24T08:59:07+00:00\",\"breadcrumb\":{\"@id\":\"https:\/\/www.colombodesign.com\/de\/3d-download\/#breadcrumb\"},\"inLanguage\":\"de\",\"potentialAction\":[{\"@type\":\"ReadAction\",\"target\":[\"https:\/\/www.colombodesign.com\/de\/3d-download\/\"]}]},{\"@type\":\"BreadcrumbList\",\"@id\":\"https:\/\/www.colombodesign.com\/de\/3d-download\/#breadcrumb\",\"itemListElement\":[{\"@type\":\"ListItem\",\"position\":1,\"name\":\"Home\",\"item\":\"https:\/\/www.colombodesign.com\/de\/\"},{\"@type\":\"ListItem\",\"position\":2,\"name\":\"3D download\"}]},{\"@type\":\"WebSite\",\"@id\":\"https:\/\/www.colombodesign.com\/#website\",\"url\":\"https:\/\/www.colombodesign.com\/\",\"name\":\"Colombo Design\",\"description\":\"Maniglie, accessori bagno ed arredo bagno\",\"publisher\":{\"@id\":\"https:\/\/www.colombodesign.com\/#organization\"},\"potentialAction\":[{\"@type\":\"SearchAction\",\"target\":{\"@type\":\"EntryPoint\",\"urlTemplate\":\"https:\/\/www.colombodesign.com\/?s={search_term_string}\"},\"query-input\":{\"@type\":\"PropertyValueSpecification\",\"valueRequired\":true,\"valueName\":\"search_term_string\"}}],\"inLanguage\":\"de\"},{\"@type\":\"Organization\",\"@id\":\"https:\/\/www.colombodesign.com\/#organization\",\"name\":\"Colombo Design\",\"url\":\"https:\/\/www.colombodesign.com\/\",\"logo\":{\"@type\":\"ImageObject\",\"inLanguage\":\"de\",\"@id\":\"https:\/\/www.colombodesign.com\/#\/schema\/logo\/image\/\",\"url\":\"https:\/\/www.colombodesign.com\/wp-content\/uploads\/2022\/03\/colombo-design-logo.png\",\"contentUrl\":\"https:\/\/www.colombodesign.com\/wp-content\/uploads\/2022\/03\/colombo-design-logo.png\",\"width\":186,\"height\":82,\"caption\":\"Colombo Design\"},\"image\":{\"@id\":\"https:\/\/www.colombodesign.com\/#\/schema\/logo\/image\/\"},\"sameAs\":[\"https:\/\/www.facebook.com\/colombodesignspa\/\",\"https:\/\/www.instagram.com\/colombodesign\/\",\"https:\/\/www.linkedin.com\/company\/colombo-design-s-p-a-\/\",\"https:\/\/www.pinterest.it\/colombodesignofficial\/\",\"https:\/\/www.youtube.com\/channel\/UCukdBqTYLtBAzzCj6UUYBtA\"]}]}<\/script>\n<!-- \/ Yoast SEO plugin. -->","yoast_head_json":{"title":"3D download &#8226; Colombo Design","robots":{"index":"index","follow":"follow","max-snippet":"max-snippet:-1","max-image-preview":"max-image-preview:large","max-video-preview":"max-video-preview:-1"},"canonical":"https:\/\/www.colombodesign.com\/de\/3d-download\/","og_locale":"de_DE","og_type":"article","og_title":"3D download &#8226; Colombo Design","og_description":"Downloadbereich Wir arbeiten hart f\u00fcr Fachleute, die sich f\u00fcr die Produkte von Colombo Design f\u00fcr Projekte entscheiden. Dieser Bereich der Website bietet Architekten, Designern und Einzelh\u00e4ndlern vorrangigen Zugang zum Download unserer 3D-Modelle.","og_url":"https:\/\/www.colombodesign.com\/de\/3d-download\/","og_site_name":"Colombo Design","article_publisher":"https:\/\/www.facebook.com\/colombodesignspa\/","article_modified_time":"2022-06-24T08:59:07+00:00","twitter_card":"summary_large_image","twitter_misc":{"Gesch\u00e4tzte Lesezeit":"1\u00a0Minute"},"schema":{"@context":"https:\/\/schema.org","@graph":[{"@type":"WebPage","@id":"https:\/\/www.colombodesign.com\/de\/3d-download\/","url":"https:\/\/www.colombodesign.com\/de\/3d-download\/","name":"3D download &#8226; Colombo Design","isPartOf":{"@id":"https:\/\/www.colombodesign.com\/#website"},"datePublished":"2022-01-12T15:08:56+00:00","dateModified":"2022-06-24T08:59:07+00:00","breadcrumb":{"@id":"https:\/\/www.colombodesign.com\/de\/3d-download\/#breadcrumb"},"inLanguage":"de","potentialAction":[{"@type":"ReadAction","target":["https:\/\/www.colombodesign.com\/de\/3d-download\/"]}]},{"@type":"BreadcrumbList","@id":"https:\/\/www.colombodesign.com\/de\/3d-download\/#breadcrumb","itemListElement":[{"@type":"ListItem","position":1,"name":"Home","item":"https:\/\/www.colombodesign.com\/de\/"},{"@type":"ListItem","position":2,"name":"3D download"}]},{"@type":"WebSite","@id":"https:\/\/www.colombodesign.com\/#website","url":"https:\/\/www.colombodesign.com\/","name":"Colombo Design","description":"Maniglie, accessori bagno ed arredo bagno","publisher":{"@id":"https:\/\/www.colombodesign.com\/#organization"},"potentialAction":[{"@type":"SearchAction","target":{"@type":"EntryPoint","urlTemplate":"https:\/\/www.colombodesign.com\/?s={search_term_string}"},"query-input":{"@type":"PropertyValueSpecification","valueRequired":true,"valueName":"search_term_string"}}],"inLanguage":"de"},{"@type":"Organization","@id":"https:\/\/www.colombodesign.com\/#organization","name":"Colombo Design","url":"https:\/\/www.colombodesign.com\/","logo":{"@type":"ImageObject","inLanguage":"de","@id":"https:\/\/www.colombodesign.com\/#\/schema\/logo\/image\/","url":"https:\/\/www.colombodesign.com\/wp-content\/uploads\/2022\/03\/colombo-design-logo.png","contentUrl":"https:\/\/www.colombodesign.com\/wp-content\/uploads\/2022\/03\/colombo-design-logo.png","width":186,"height":82,"caption":"Colombo Design"},"image":{"@id":"https:\/\/www.colombodesign.com\/#\/schema\/logo\/image\/"},"sameAs":["https:\/\/www.facebook.com\/colombodesignspa\/","https:\/\/www.instagram.com\/colombodesign\/","https:\/\/www.linkedin.com\/company\/colombo-design-s-p-a-\/","https:\/\/www.pinterest.it\/colombodesignofficial\/","https:\/\/www.youtube.com\/channel\/UCukdBqTYLtBAzzCj6UUYBtA"]}]}},"_links":{"self":[{"href":"https:\/\/www.colombodesign.com\/de\/wp-json\/wp\/v2\/pages\/50790","targetHints":{"allow":["GET"]}}],"collection":[{"href":"https:\/\/www.colombodesign.com\/de\/wp-json\/wp\/v2\/pages"}],"about":[{"href":"https:\/\/www.colombodesign.com\/de\/wp-json\/wp\/v2\/types\/page"}],"author":[{"embeddable":true,"href":"https:\/\/www.colombodesign.com\/de\/wp-json\/wp\/v2\/users\/7"}],"replies":[{"embeddable":true,"href":"https:\/\/www.colombodesign.com\/de\/wp-json\/wp\/v2\/comments?post=50790"}],"version-history":[{"count":2,"href":"https:\/\/www.colombodesign.com\/de\/wp-json\/wp\/v2\/pages\/50790\/revisions"}],"predecessor-version":[{"id":52489,"href":"https:\/\/www.colombodesign.com\/de\/wp-json\/wp\/v2\/pages\/50790\/revisions\/52489"}],"wp:attachment":[{"href":"https:\/\/www.colombodesign.com\/de\/wp-json\/wp\/v2\/media?parent=50790"}],"curies":[{"name":"wp","href":"https:\/\/api.w.org\/{rel}","templated":true}]}}