{"id":55970,"date":"2024-07-01T09:06:02","date_gmt":"2024-07-01T07:06:02","guid":{"rendered":"https:\/\/www.colombodesign.com\/?page_id=55970"},"modified":"2025-10-31T10:22:06","modified_gmt":"2025-10-31T09:22:06","slug":"herstellung-von-griffen-fuer-tueren-fenster-und-moebel-und-badezimmerzubehoer","status":"publish","type":"page","link":"https:\/\/www.colombodesign.com\/de\/","title":{"rendered":"Herstellung von Griffen f\u00fcr T\u00fcren, Fenster und M\u00f6bel und Badezimmerzubeh\u00f6r."},"content":{"rendered":"\n<p>Kreativit\u00e4t, Know-how, Liebe zum Detail, hervorragende Fertigungsqualit\u00e4t und lokale Produktion. Wir sind international anerkannt f\u00fcr die Qualit\u00e4t unserer Produkte, die vollst\u00e4ndig in Italien hergestellt und in Zusammenarbeit mit den wichtigsten Designern und Architekturb\u00fcros der Welt entworfen wurden.<\/p>\n","protected":false},"excerpt":{"rendered":"<p>Kreativit\u00e4t, Know-how, Liebe zum Detail, hervorragende Fertigungsqualit\u00e4t und lokale Produktion. Wir sind international anerkannt f\u00fcr die Qualit\u00e4t unserer Produkte, die vollst\u00e4ndig in Italien hergestellt und in Zusammenarbeit mit den wichtigsten Designern und Architekturb\u00fcros der Welt entworfen wurden.<\/p>\n","protected":false},"author":7,"featured_media":0,"parent":0,"menu_order":0,"comment_status":"closed","ping_status":"closed","template":"template_home-nuova.php","meta":{"_acf_changed":false,"footnotes":""},"class_list":["post-55970","page","type-page","status-publish","hentry"],"acf":[],"yoast_head":"<!-- This site is optimized with the Yoast SEO plugin v27.2 - https:\/\/yoast.com\/product\/yoast-seo-wordpress\/ -->\n<title>Herstellung von Griffen f\u00fcr T\u00fcren, Fenster und M\u00f6bel und Badezimmerzubeh\u00f6r. &#8226; Colombo Design<\/title>\n<meta name=\"robots\" content=\"index, follow, max-snippet:-1, max-image-preview:large, max-video-preview:-1\" \/>\n<link rel=\"canonical\" href=\"https:\/\/www.colombodesign.com\/de\/\" \/>\n<meta property=\"og:locale\" content=\"de_DE\" \/>\n<meta property=\"og:type\" content=\"article\" \/>\n<meta property=\"og:title\" content=\"Herstellung von Griffen f\u00fcr T\u00fcren, Fenster und M\u00f6bel und Badezimmerzubeh\u00f6r. &#8226; Colombo Design\" \/>\n<meta property=\"og:description\" content=\"Kreativit\u00e4t, Know-how, Liebe zum Detail, hervorragende Fertigungsqualit\u00e4t und lokale Produktion. Wir sind international anerkannt f\u00fcr die Qualit\u00e4t unserer Produkte, die vollst\u00e4ndig in Italien hergestellt und in Zusammenarbeit mit den wichtigsten Designern und Architekturb\u00fcros der Welt entworfen wurden.\" \/>\n<meta property=\"og:url\" content=\"https:\/\/www.colombodesign.com\/de\/\" \/>\n<meta property=\"og:site_name\" content=\"Colombo Design\" \/>\n<meta property=\"article:publisher\" content=\"https:\/\/www.facebook.com\/colombodesignspa\/\" \/>\n<meta property=\"article:modified_time\" content=\"2025-10-31T09:22:06+00:00\" \/>\n<meta name=\"twitter:card\" content=\"summary_large_image\" \/>\n<meta name=\"twitter:label1\" content=\"Gesch\u00e4tzte Lesezeit\" \/>\n\t<meta name=\"twitter:data1\" content=\"1\u00a0Minute\" \/>\n<script type=\"application\/ld+json\" class=\"yoast-schema-graph\">{\"@context\":\"https:\/\/schema.org\",\"@graph\":[{\"@type\":\"WebPage\",\"@id\":\"https:\/\/www.colombodesign.com\/de\/\",\"url\":\"https:\/\/www.colombodesign.com\/de\/\",\"name\":\"Herstellung von Griffen f\u00fcr T\u00fcren, Fenster und M\u00f6bel und Badezimmerzubeh\u00f6r. &#8226; Colombo Design\",\"isPartOf\":{\"@id\":\"https:\/\/www.colombodesign.com\/#website\"},\"datePublished\":\"2024-07-01T07:06:02+00:00\",\"dateModified\":\"2025-10-31T09:22:06+00:00\",\"breadcrumb\":{\"@id\":\"https:\/\/www.colombodesign.com\/de\/#breadcrumb\"},\"inLanguage\":\"de\",\"potentialAction\":[{\"@type\":\"ReadAction\",\"target\":[\"https:\/\/www.colombodesign.com\/de\/\"]}]},{\"@type\":\"BreadcrumbList\",\"@id\":\"https:\/\/www.colombodesign.com\/de\/#breadcrumb\",\"itemListElement\":[{\"@type\":\"ListItem\",\"position\":1,\"name\":\"Home\",\"item\":\"https:\/\/www.colombodesign.com\/de\/\"},{\"@type\":\"ListItem\",\"position\":2,\"name\":\"Herstellung von Griffen f\u00fcr T\u00fcren, Fenster und M\u00f6bel und Badezimmerzubeh\u00f6r.\"}]},{\"@type\":\"WebSite\",\"@id\":\"https:\/\/www.colombodesign.com\/#website\",\"url\":\"https:\/\/www.colombodesign.com\/\",\"name\":\"Colombo Design\",\"description\":\"Maniglie, accessori bagno ed arredo bagno\",\"publisher\":{\"@id\":\"https:\/\/www.colombodesign.com\/#organization\"},\"potentialAction\":[{\"@type\":\"SearchAction\",\"target\":{\"@type\":\"EntryPoint\",\"urlTemplate\":\"https:\/\/www.colombodesign.com\/?s={search_term_string}\"},\"query-input\":{\"@type\":\"PropertyValueSpecification\",\"valueRequired\":true,\"valueName\":\"search_term_string\"}}],\"inLanguage\":\"de\"},{\"@type\":\"Organization\",\"@id\":\"https:\/\/www.colombodesign.com\/#organization\",\"name\":\"Colombo Design\",\"url\":\"https:\/\/www.colombodesign.com\/\",\"logo\":{\"@type\":\"ImageObject\",\"inLanguage\":\"de\",\"@id\":\"https:\/\/www.colombodesign.com\/#\/schema\/logo\/image\/\",\"url\":\"https:\/\/www.colombodesign.com\/wp-content\/uploads\/2022\/03\/colombo-design-logo.png\",\"contentUrl\":\"https:\/\/www.colombodesign.com\/wp-content\/uploads\/2022\/03\/colombo-design-logo.png\",\"width\":186,\"height\":82,\"caption\":\"Colombo Design\"},\"image\":{\"@id\":\"https:\/\/www.colombodesign.com\/#\/schema\/logo\/image\/\"},\"sameAs\":[\"https:\/\/www.facebook.com\/colombodesignspa\/\",\"https:\/\/www.instagram.com\/colombodesign\/\",\"https:\/\/www.linkedin.com\/company\/colombo-design-s-p-a-\/\",\"https:\/\/www.pinterest.it\/colombodesignofficial\/\",\"https:\/\/www.youtube.com\/channel\/UCukdBqTYLtBAzzCj6UUYBtA\"]}]}<\/script>\n<!-- \/ Yoast SEO plugin. -->","yoast_head_json":{"title":"Herstellung von Griffen f\u00fcr T\u00fcren, Fenster und M\u00f6bel und Badezimmerzubeh\u00f6r. &#8226; Colombo Design","robots":{"index":"index","follow":"follow","max-snippet":"max-snippet:-1","max-image-preview":"max-image-preview:large","max-video-preview":"max-video-preview:-1"},"canonical":"https:\/\/www.colombodesign.com\/de\/","og_locale":"de_DE","og_type":"article","og_title":"Herstellung von Griffen f\u00fcr T\u00fcren, Fenster und M\u00f6bel und Badezimmerzubeh\u00f6r. &#8226; Colombo Design","og_description":"Kreativit\u00e4t, Know-how, Liebe zum Detail, hervorragende Fertigungsqualit\u00e4t und lokale Produktion. Wir sind international anerkannt f\u00fcr die Qualit\u00e4t unserer Produkte, die vollst\u00e4ndig in Italien hergestellt und in Zusammenarbeit mit den wichtigsten Designern und Architekturb\u00fcros der Welt entworfen wurden.","og_url":"https:\/\/www.colombodesign.com\/de\/","og_site_name":"Colombo Design","article_publisher":"https:\/\/www.facebook.com\/colombodesignspa\/","article_modified_time":"2025-10-31T09:22:06+00:00","twitter_card":"summary_large_image","twitter_misc":{"Gesch\u00e4tzte Lesezeit":"1\u00a0Minute"},"schema":{"@context":"https:\/\/schema.org","@graph":[{"@type":"WebPage","@id":"https:\/\/www.colombodesign.com\/de\/","url":"https:\/\/www.colombodesign.com\/de\/","name":"Herstellung von Griffen f\u00fcr T\u00fcren, Fenster und M\u00f6bel und Badezimmerzubeh\u00f6r. &#8226; Colombo Design","isPartOf":{"@id":"https:\/\/www.colombodesign.com\/#website"},"datePublished":"2024-07-01T07:06:02+00:00","dateModified":"2025-10-31T09:22:06+00:00","breadcrumb":{"@id":"https:\/\/www.colombodesign.com\/de\/#breadcrumb"},"inLanguage":"de","potentialAction":[{"@type":"ReadAction","target":["https:\/\/www.colombodesign.com\/de\/"]}]},{"@type":"BreadcrumbList","@id":"https:\/\/www.colombodesign.com\/de\/#breadcrumb","itemListElement":[{"@type":"ListItem","position":1,"name":"Home","item":"https:\/\/www.colombodesign.com\/de\/"},{"@type":"ListItem","position":2,"name":"Herstellung von Griffen f\u00fcr T\u00fcren, Fenster und M\u00f6bel und Badezimmerzubeh\u00f6r."}]},{"@type":"WebSite","@id":"https:\/\/www.colombodesign.com\/#website","url":"https:\/\/www.colombodesign.com\/","name":"Colombo Design","description":"Maniglie, accessori bagno ed arredo bagno","publisher":{"@id":"https:\/\/www.colombodesign.com\/#organization"},"potentialAction":[{"@type":"SearchAction","target":{"@type":"EntryPoint","urlTemplate":"https:\/\/www.colombodesign.com\/?s={search_term_string}"},"query-input":{"@type":"PropertyValueSpecification","valueRequired":true,"valueName":"search_term_string"}}],"inLanguage":"de"},{"@type":"Organization","@id":"https:\/\/www.colombodesign.com\/#organization","name":"Colombo Design","url":"https:\/\/www.colombodesign.com\/","logo":{"@type":"ImageObject","inLanguage":"de","@id":"https:\/\/www.colombodesign.com\/#\/schema\/logo\/image\/","url":"https:\/\/www.colombodesign.com\/wp-content\/uploads\/2022\/03\/colombo-design-logo.png","contentUrl":"https:\/\/www.colombodesign.com\/wp-content\/uploads\/2022\/03\/colombo-design-logo.png","width":186,"height":82,"caption":"Colombo Design"},"image":{"@id":"https:\/\/www.colombodesign.com\/#\/schema\/logo\/image\/"},"sameAs":["https:\/\/www.facebook.com\/colombodesignspa\/","https:\/\/www.instagram.com\/colombodesign\/","https:\/\/www.linkedin.com\/company\/colombo-design-s-p-a-\/","https:\/\/www.pinterest.it\/colombodesignofficial\/","https:\/\/www.youtube.com\/channel\/UCukdBqTYLtBAzzCj6UUYBtA"]}]}},"_links":{"self":[{"href":"https:\/\/www.colombodesign.com\/de\/wp-json\/wp\/v2\/pages\/55970","targetHints":{"allow":["GET"]}}],"collection":[{"href":"https:\/\/www.colombodesign.com\/de\/wp-json\/wp\/v2\/pages"}],"about":[{"href":"https:\/\/www.colombodesign.com\/de\/wp-json\/wp\/v2\/types\/page"}],"author":[{"embeddable":true,"href":"https:\/\/www.colombodesign.com\/de\/wp-json\/wp\/v2\/users\/7"}],"replies":[{"embeddable":true,"href":"https:\/\/www.colombodesign.com\/de\/wp-json\/wp\/v2\/comments?post=55970"}],"version-history":[{"count":5,"href":"https:\/\/www.colombodesign.com\/de\/wp-json\/wp\/v2\/pages\/55970\/revisions"}],"predecessor-version":[{"id":67207,"href":"https:\/\/www.colombodesign.com\/de\/wp-json\/wp\/v2\/pages\/55970\/revisions\/67207"}],"wp:attachment":[{"href":"https:\/\/www.colombodesign.com\/de\/wp-json\/wp\/v2\/media?parent=55970"}],"curies":[{"name":"wp","href":"https:\/\/api.w.org\/{rel}","templated":true}]}}