{"id":50499,"date":"2021-12-06T14:30:30","date_gmt":"2021-12-06T13:30:30","guid":{"rendered":"https:\/\/www.colombodesign.com\/handles-and-bathroom-accessories-made-in-italy\/"},"modified":"2022-05-19T11:09:04","modified_gmt":"2022-05-19T09:09:04","slug":"handles-and-bathroom-accessories-made-in-italy","status":"publish","type":"page","link":"https:\/\/www.colombodesign.com\/fr\/handles-and-bathroom-accessories-made-in-italy\/","title":{"rendered":"Poign\u00e9es et accessoires sanitaires fabriqu\u00e9s en Italie"},"content":{"rendered":"\n<h2 class=\"wp-block-heading\">Colombo Design<\/h2>\n\n\n\n<h3 class=\"wp-block-heading\">CONCEPTION ET FABRICATION D&rsquo;ACCESSOIRES DE SALLE DE BAIN ET POIGN\u00c9ES POUR PORTES, FEN\u00caTRES ET MEUBLES<\/h3>\n\n\n\n<p>Colombo Design est une entreprise familiale innovante et orient\u00e9e vers le design fond\u00e9e en 1990. Un point de r\u00e9f\u00e9rence pour le Made in Italy dans la conception et la production d&rsquo;accessoires sanitaires et de poign\u00e9es pour portes, fen\u00eatres et meubles. <br>Cr\u00e9ativit\u00e9, savoir-faire, souci du d\u00e9tail, excellence manufacturi\u00e8re et production locale sont des \u00e9l\u00e9ments distinctifs de l&rsquo;entreprise, reconnue internationalement pour la qualit\u00e9 de ses produits, con\u00e7us en collaboration avec les plus importants designers et cabinets d&rsquo;architectes du monde.<\/p>\n","protected":false},"excerpt":{"rendered":"<p>Colombo Design CONCEPTION ET FABRICATION D&rsquo;ACCESSOIRES DE SALLE DE BAIN ET POIGN\u00c9ES POUR PORTES, FEN\u00caTRES ET MEUBLES Colombo Design est une entreprise familiale innovante et orient\u00e9e vers le design fond\u00e9e en 1990. Un point de r\u00e9f\u00e9rence pour le Made in Italy dans la conception et la production d&rsquo;accessoires sanitaires et de poign\u00e9es pour portes, fen\u00eatres [&hellip;]<\/p>\n","protected":false},"author":7,"featured_media":0,"parent":0,"menu_order":0,"comment_status":"closed","ping_status":"closed","template":"template_chisiamo.php","meta":{"_acf_changed":false,"footnotes":""},"class_list":["post-50499","page","type-page","status-publish","hentry"],"acf":[],"yoast_head":"<!-- This site is optimized with the Yoast SEO plugin v27.2 - https:\/\/yoast.com\/product\/yoast-seo-wordpress\/ -->\n<title>Poign\u00e9es et accessoires sanitaires fabriqu\u00e9s en Italie &#8226; Colombo Design<\/title>\n<meta name=\"robots\" content=\"index, follow, max-snippet:-1, max-image-preview:large, max-video-preview:-1\" \/>\n<link rel=\"canonical\" href=\"https:\/\/www.colombodesign.com\/fr\/handles-and-bathroom-accessories-made-in-italy\/\" \/>\n<meta property=\"og:locale\" content=\"fr_FR\" \/>\n<meta property=\"og:type\" content=\"article\" \/>\n<meta property=\"og:title\" content=\"Poign\u00e9es et accessoires sanitaires fabriqu\u00e9s en Italie &#8226; Colombo Design\" \/>\n<meta property=\"og:description\" content=\"Colombo Design CONCEPTION ET FABRICATION D&rsquo;ACCESSOIRES DE SALLE DE BAIN ET POIGN\u00c9ES POUR PORTES, FEN\u00caTRES ET MEUBLES Colombo Design est une entreprise familiale innovante et orient\u00e9e vers le design fond\u00e9e en 1990. Un point de r\u00e9f\u00e9rence pour le Made in Italy dans la conception et la production d&rsquo;accessoires sanitaires et de poign\u00e9es pour portes, fen\u00eatres [&hellip;]\" \/>\n<meta property=\"og:url\" content=\"https:\/\/www.colombodesign.com\/fr\/handles-and-bathroom-accessories-made-in-italy\/\" \/>\n<meta property=\"og:site_name\" content=\"Colombo Design\" \/>\n<meta property=\"article:publisher\" content=\"https:\/\/www.facebook.com\/colombodesignspa\/\" \/>\n<meta property=\"article:modified_time\" content=\"2022-05-19T09:09:04+00:00\" \/>\n<meta name=\"twitter:card\" content=\"summary_large_image\" \/>\n<meta name=\"twitter:label1\" content=\"Dur\u00e9e de lecture estim\u00e9e\" \/>\n\t<meta name=\"twitter:data1\" content=\"1 minute\" \/>\n<script type=\"application\/ld+json\" class=\"yoast-schema-graph\">{\"@context\":\"https:\/\/schema.org\",\"@graph\":[{\"@type\":\"WebPage\",\"@id\":\"https:\/\/www.colombodesign.com\/fr\/handles-and-bathroom-accessories-made-in-italy\/\",\"url\":\"https:\/\/www.colombodesign.com\/fr\/handles-and-bathroom-accessories-made-in-italy\/\",\"name\":\"Poign\u00e9es et accessoires sanitaires fabriqu\u00e9s en Italie &#8226; Colombo Design\",\"isPartOf\":{\"@id\":\"https:\/\/www.colombodesign.com\/#website\"},\"datePublished\":\"2021-12-06T13:30:30+00:00\",\"dateModified\":\"2022-05-19T09:09:04+00:00\",\"breadcrumb\":{\"@id\":\"https:\/\/www.colombodesign.com\/fr\/handles-and-bathroom-accessories-made-in-italy\/#breadcrumb\"},\"inLanguage\":\"fr-FR\",\"potentialAction\":[{\"@type\":\"ReadAction\",\"target\":[\"https:\/\/www.colombodesign.com\/fr\/handles-and-bathroom-accessories-made-in-italy\/\"]}]},{\"@type\":\"BreadcrumbList\",\"@id\":\"https:\/\/www.colombodesign.com\/fr\/handles-and-bathroom-accessories-made-in-italy\/#breadcrumb\",\"itemListElement\":[{\"@type\":\"ListItem\",\"position\":1,\"name\":\"Home\",\"item\":\"https:\/\/www.colombodesign.com\/fr\/\"},{\"@type\":\"ListItem\",\"position\":2,\"name\":\"Poign\u00e9es et accessoires sanitaires fabriqu\u00e9s en Italie\"}]},{\"@type\":\"WebSite\",\"@id\":\"https:\/\/www.colombodesign.com\/#website\",\"url\":\"https:\/\/www.colombodesign.com\/\",\"name\":\"Colombo Design\",\"description\":\"Maniglie, accessori bagno ed arredo bagno\",\"publisher\":{\"@id\":\"https:\/\/www.colombodesign.com\/#organization\"},\"potentialAction\":[{\"@type\":\"SearchAction\",\"target\":{\"@type\":\"EntryPoint\",\"urlTemplate\":\"https:\/\/www.colombodesign.com\/?s={search_term_string}\"},\"query-input\":{\"@type\":\"PropertyValueSpecification\",\"valueRequired\":true,\"valueName\":\"search_term_string\"}}],\"inLanguage\":\"fr-FR\"},{\"@type\":\"Organization\",\"@id\":\"https:\/\/www.colombodesign.com\/#organization\",\"name\":\"Colombo Design\",\"url\":\"https:\/\/www.colombodesign.com\/\",\"logo\":{\"@type\":\"ImageObject\",\"inLanguage\":\"fr-FR\",\"@id\":\"https:\/\/www.colombodesign.com\/#\/schema\/logo\/image\/\",\"url\":\"https:\/\/www.colombodesign.com\/wp-content\/uploads\/2022\/03\/colombo-design-logo.png\",\"contentUrl\":\"https:\/\/www.colombodesign.com\/wp-content\/uploads\/2022\/03\/colombo-design-logo.png\",\"width\":186,\"height\":82,\"caption\":\"Colombo Design\"},\"image\":{\"@id\":\"https:\/\/www.colombodesign.com\/#\/schema\/logo\/image\/\"},\"sameAs\":[\"https:\/\/www.facebook.com\/colombodesignspa\/\",\"https:\/\/www.instagram.com\/colombodesign\/\",\"https:\/\/www.linkedin.com\/company\/colombo-design-s-p-a-\/\",\"https:\/\/www.pinterest.it\/colombodesignofficial\/\",\"https:\/\/www.youtube.com\/channel\/UCukdBqTYLtBAzzCj6UUYBtA\"]}]}<\/script>\n<!-- \/ Yoast SEO plugin. -->","yoast_head_json":{"title":"Poign\u00e9es et accessoires sanitaires fabriqu\u00e9s en Italie &#8226; Colombo Design","robots":{"index":"index","follow":"follow","max-snippet":"max-snippet:-1","max-image-preview":"max-image-preview:large","max-video-preview":"max-video-preview:-1"},"canonical":"https:\/\/www.colombodesign.com\/fr\/handles-and-bathroom-accessories-made-in-italy\/","og_locale":"fr_FR","og_type":"article","og_title":"Poign\u00e9es et accessoires sanitaires fabriqu\u00e9s en Italie &#8226; Colombo Design","og_description":"Colombo Design CONCEPTION ET FABRICATION D&rsquo;ACCESSOIRES DE SALLE DE BAIN ET POIGN\u00c9ES POUR PORTES, FEN\u00caTRES ET MEUBLES Colombo Design est une entreprise familiale innovante et orient\u00e9e vers le design fond\u00e9e en 1990. Un point de r\u00e9f\u00e9rence pour le Made in Italy dans la conception et la production d&rsquo;accessoires sanitaires et de poign\u00e9es pour portes, fen\u00eatres [&hellip;]","og_url":"https:\/\/www.colombodesign.com\/fr\/handles-and-bathroom-accessories-made-in-italy\/","og_site_name":"Colombo Design","article_publisher":"https:\/\/www.facebook.com\/colombodesignspa\/","article_modified_time":"2022-05-19T09:09:04+00:00","twitter_card":"summary_large_image","twitter_misc":{"Dur\u00e9e de lecture estim\u00e9e":"1 minute"},"schema":{"@context":"https:\/\/schema.org","@graph":[{"@type":"WebPage","@id":"https:\/\/www.colombodesign.com\/fr\/handles-and-bathroom-accessories-made-in-italy\/","url":"https:\/\/www.colombodesign.com\/fr\/handles-and-bathroom-accessories-made-in-italy\/","name":"Poign\u00e9es et accessoires sanitaires fabriqu\u00e9s en Italie &#8226; Colombo Design","isPartOf":{"@id":"https:\/\/www.colombodesign.com\/#website"},"datePublished":"2021-12-06T13:30:30+00:00","dateModified":"2022-05-19T09:09:04+00:00","breadcrumb":{"@id":"https:\/\/www.colombodesign.com\/fr\/handles-and-bathroom-accessories-made-in-italy\/#breadcrumb"},"inLanguage":"fr-FR","potentialAction":[{"@type":"ReadAction","target":["https:\/\/www.colombodesign.com\/fr\/handles-and-bathroom-accessories-made-in-italy\/"]}]},{"@type":"BreadcrumbList","@id":"https:\/\/www.colombodesign.com\/fr\/handles-and-bathroom-accessories-made-in-italy\/#breadcrumb","itemListElement":[{"@type":"ListItem","position":1,"name":"Home","item":"https:\/\/www.colombodesign.com\/fr\/"},{"@type":"ListItem","position":2,"name":"Poign\u00e9es et accessoires sanitaires fabriqu\u00e9s en Italie"}]},{"@type":"WebSite","@id":"https:\/\/www.colombodesign.com\/#website","url":"https:\/\/www.colombodesign.com\/","name":"Colombo Design","description":"Maniglie, accessori bagno ed arredo bagno","publisher":{"@id":"https:\/\/www.colombodesign.com\/#organization"},"potentialAction":[{"@type":"SearchAction","target":{"@type":"EntryPoint","urlTemplate":"https:\/\/www.colombodesign.com\/?s={search_term_string}"},"query-input":{"@type":"PropertyValueSpecification","valueRequired":true,"valueName":"search_term_string"}}],"inLanguage":"fr-FR"},{"@type":"Organization","@id":"https:\/\/www.colombodesign.com\/#organization","name":"Colombo Design","url":"https:\/\/www.colombodesign.com\/","logo":{"@type":"ImageObject","inLanguage":"fr-FR","@id":"https:\/\/www.colombodesign.com\/#\/schema\/logo\/image\/","url":"https:\/\/www.colombodesign.com\/wp-content\/uploads\/2022\/03\/colombo-design-logo.png","contentUrl":"https:\/\/www.colombodesign.com\/wp-content\/uploads\/2022\/03\/colombo-design-logo.png","width":186,"height":82,"caption":"Colombo Design"},"image":{"@id":"https:\/\/www.colombodesign.com\/#\/schema\/logo\/image\/"},"sameAs":["https:\/\/www.facebook.com\/colombodesignspa\/","https:\/\/www.instagram.com\/colombodesign\/","https:\/\/www.linkedin.com\/company\/colombo-design-s-p-a-\/","https:\/\/www.pinterest.it\/colombodesignofficial\/","https:\/\/www.youtube.com\/channel\/UCukdBqTYLtBAzzCj6UUYBtA"]}]}},"_links":{"self":[{"href":"https:\/\/www.colombodesign.com\/fr\/wp-json\/wp\/v2\/pages\/50499","targetHints":{"allow":["GET"]}}],"collection":[{"href":"https:\/\/www.colombodesign.com\/fr\/wp-json\/wp\/v2\/pages"}],"about":[{"href":"https:\/\/www.colombodesign.com\/fr\/wp-json\/wp\/v2\/types\/page"}],"author":[{"embeddable":true,"href":"https:\/\/www.colombodesign.com\/fr\/wp-json\/wp\/v2\/users\/7"}],"replies":[{"embeddable":true,"href":"https:\/\/www.colombodesign.com\/fr\/wp-json\/wp\/v2\/comments?post=50499"}],"version-history":[{"count":6,"href":"https:\/\/www.colombodesign.com\/fr\/wp-json\/wp\/v2\/pages\/50499\/revisions"}],"predecessor-version":[{"id":50546,"href":"https:\/\/www.colombodesign.com\/fr\/wp-json\/wp\/v2\/pages\/50499\/revisions\/50546"}],"wp:attachment":[{"href":"https:\/\/www.colombodesign.com\/fr\/wp-json\/wp\/v2\/media?parent=50499"}],"curies":[{"name":"wp","href":"https:\/\/api.w.org\/{rel}","templated":true}]}}