{"id":50569,"date":"2022-01-19T13:08:28","date_gmt":"2022-01-19T12:08:28","guid":{"rendered":"https:\/\/www.colombodesign.com\/cabins-and-shower-cubicles\/"},"modified":"2022-05-19T12:35:22","modified_gmt":"2022-05-19T10:35:22","slug":"cabins-and-shower-cubicles","status":"publish","type":"page","link":"https:\/\/www.colombodesign.com\/fr\/cabins-and-shower-cubicles\/","title":{"rendered":"Cabines et parois de douche"},"content":{"rendered":"\n<h3 class=\"wp-block-heading\">COLOMBO DESIGN ET CESANA ENSEMBLE DANS LA PRODUCTION ET LA COMMERCIALISATION DES CABINES ET DES PAROIS DE DOUCHE.<\/h3>\n\n\n\n<p>Un partenariat strat\u00e9gique n\u00e9 en 2014 et renforc\u00e9 en 2018 lorsque Colombo Design a acquis une participation sociale dans Cesana srl, en soutenant les associ\u00e9s fondateurs dans la gestion de l&rsquo;entreprise et en mettant \u00e0 sa disposition sa structure de production et de logistique, l&rsquo;une des plus modernes et efficaces du secteur au niveau europ\u00e9en.<\/p>\n","protected":false},"excerpt":{"rendered":"<p>COLOMBO DESIGN ET CESANA ENSEMBLE DANS LA PRODUCTION ET LA COMMERCIALISATION DES CABINES ET DES PAROIS DE DOUCHE. Un partenariat strat\u00e9gique n\u00e9 en 2014 et renforc\u00e9 en 2018 lorsque Colombo Design a acquis une participation sociale dans Cesana srl, en soutenant les associ\u00e9s fondateurs dans la gestion de l&rsquo;entreprise et en mettant \u00e0 sa disposition [&hellip;]<\/p>\n","protected":false},"author":7,"featured_media":0,"parent":0,"menu_order":0,"comment_status":"closed","ping_status":"closed","template":"template_chisiamo.php","meta":{"_acf_changed":false,"footnotes":""},"class_list":["post-50569","page","type-page","status-publish","hentry"],"acf":[],"yoast_head":"<!-- This site is optimized with the Yoast SEO plugin v27.2 - https:\/\/yoast.com\/product\/yoast-seo-wordpress\/ -->\n<title>Cabines et parois de douche &#8226; Colombo Design<\/title>\n<meta name=\"robots\" content=\"index, follow, max-snippet:-1, max-image-preview:large, max-video-preview:-1\" \/>\n<link rel=\"canonical\" href=\"https:\/\/www.colombodesign.com\/fr\/cabins-and-shower-cubicles\/\" \/>\n<meta property=\"og:locale\" content=\"fr_FR\" \/>\n<meta property=\"og:type\" content=\"article\" \/>\n<meta property=\"og:title\" content=\"Cabines et parois de douche &#8226; Colombo Design\" \/>\n<meta property=\"og:description\" content=\"COLOMBO DESIGN ET CESANA ENSEMBLE DANS LA PRODUCTION ET LA COMMERCIALISATION DES CABINES ET DES PAROIS DE DOUCHE. Un partenariat strat\u00e9gique n\u00e9 en 2014 et renforc\u00e9 en 2018 lorsque Colombo Design a acquis une participation sociale dans Cesana srl, en soutenant les associ\u00e9s fondateurs dans la gestion de l&rsquo;entreprise et en mettant \u00e0 sa disposition [&hellip;]\" \/>\n<meta property=\"og:url\" content=\"https:\/\/www.colombodesign.com\/fr\/cabins-and-shower-cubicles\/\" \/>\n<meta property=\"og:site_name\" content=\"Colombo Design\" \/>\n<meta property=\"article:publisher\" content=\"https:\/\/www.facebook.com\/colombodesignspa\/\" \/>\n<meta property=\"article:modified_time\" content=\"2022-05-19T10:35:22+00:00\" \/>\n<meta name=\"twitter:card\" content=\"summary_large_image\" \/>\n<meta name=\"twitter:label1\" content=\"Dur\u00e9e de lecture estim\u00e9e\" \/>\n\t<meta name=\"twitter:data1\" content=\"1 minute\" \/>\n<script type=\"application\/ld+json\" class=\"yoast-schema-graph\">{\"@context\":\"https:\/\/schema.org\",\"@graph\":[{\"@type\":\"WebPage\",\"@id\":\"https:\/\/www.colombodesign.com\/fr\/cabins-and-shower-cubicles\/\",\"url\":\"https:\/\/www.colombodesign.com\/fr\/cabins-and-shower-cubicles\/\",\"name\":\"Cabines et parois de douche &#8226; Colombo Design\",\"isPartOf\":{\"@id\":\"https:\/\/www.colombodesign.com\/#website\"},\"datePublished\":\"2022-01-19T12:08:28+00:00\",\"dateModified\":\"2022-05-19T10:35:22+00:00\",\"breadcrumb\":{\"@id\":\"https:\/\/www.colombodesign.com\/fr\/cabins-and-shower-cubicles\/#breadcrumb\"},\"inLanguage\":\"fr-FR\",\"potentialAction\":[{\"@type\":\"ReadAction\",\"target\":[\"https:\/\/www.colombodesign.com\/fr\/cabins-and-shower-cubicles\/\"]}]},{\"@type\":\"BreadcrumbList\",\"@id\":\"https:\/\/www.colombodesign.com\/fr\/cabins-and-shower-cubicles\/#breadcrumb\",\"itemListElement\":[{\"@type\":\"ListItem\",\"position\":1,\"name\":\"Home\",\"item\":\"https:\/\/www.colombodesign.com\/fr\/\"},{\"@type\":\"ListItem\",\"position\":2,\"name\":\"Cabines et parois de douche\"}]},{\"@type\":\"WebSite\",\"@id\":\"https:\/\/www.colombodesign.com\/#website\",\"url\":\"https:\/\/www.colombodesign.com\/\",\"name\":\"Colombo Design\",\"description\":\"Maniglie, accessori bagno ed arredo bagno\",\"publisher\":{\"@id\":\"https:\/\/www.colombodesign.com\/#organization\"},\"potentialAction\":[{\"@type\":\"SearchAction\",\"target\":{\"@type\":\"EntryPoint\",\"urlTemplate\":\"https:\/\/www.colombodesign.com\/?s={search_term_string}\"},\"query-input\":{\"@type\":\"PropertyValueSpecification\",\"valueRequired\":true,\"valueName\":\"search_term_string\"}}],\"inLanguage\":\"fr-FR\"},{\"@type\":\"Organization\",\"@id\":\"https:\/\/www.colombodesign.com\/#organization\",\"name\":\"Colombo Design\",\"url\":\"https:\/\/www.colombodesign.com\/\",\"logo\":{\"@type\":\"ImageObject\",\"inLanguage\":\"fr-FR\",\"@id\":\"https:\/\/www.colombodesign.com\/#\/schema\/logo\/image\/\",\"url\":\"https:\/\/www.colombodesign.com\/wp-content\/uploads\/2022\/03\/colombo-design-logo.png\",\"contentUrl\":\"https:\/\/www.colombodesign.com\/wp-content\/uploads\/2022\/03\/colombo-design-logo.png\",\"width\":186,\"height\":82,\"caption\":\"Colombo Design\"},\"image\":{\"@id\":\"https:\/\/www.colombodesign.com\/#\/schema\/logo\/image\/\"},\"sameAs\":[\"https:\/\/www.facebook.com\/colombodesignspa\/\",\"https:\/\/www.instagram.com\/colombodesign\/\",\"https:\/\/www.linkedin.com\/company\/colombo-design-s-p-a-\/\",\"https:\/\/www.pinterest.it\/colombodesignofficial\/\",\"https:\/\/www.youtube.com\/channel\/UCukdBqTYLtBAzzCj6UUYBtA\"]}]}<\/script>\n<!-- \/ Yoast SEO plugin. -->","yoast_head_json":{"title":"Cabines et parois de douche &#8226; Colombo Design","robots":{"index":"index","follow":"follow","max-snippet":"max-snippet:-1","max-image-preview":"max-image-preview:large","max-video-preview":"max-video-preview:-1"},"canonical":"https:\/\/www.colombodesign.com\/fr\/cabins-and-shower-cubicles\/","og_locale":"fr_FR","og_type":"article","og_title":"Cabines et parois de douche &#8226; Colombo Design","og_description":"COLOMBO DESIGN ET CESANA ENSEMBLE DANS LA PRODUCTION ET LA COMMERCIALISATION DES CABINES ET DES PAROIS DE DOUCHE. Un partenariat strat\u00e9gique n\u00e9 en 2014 et renforc\u00e9 en 2018 lorsque Colombo Design a acquis une participation sociale dans Cesana srl, en soutenant les associ\u00e9s fondateurs dans la gestion de l&rsquo;entreprise et en mettant \u00e0 sa disposition [&hellip;]","og_url":"https:\/\/www.colombodesign.com\/fr\/cabins-and-shower-cubicles\/","og_site_name":"Colombo Design","article_publisher":"https:\/\/www.facebook.com\/colombodesignspa\/","article_modified_time":"2022-05-19T10:35:22+00:00","twitter_card":"summary_large_image","twitter_misc":{"Dur\u00e9e de lecture estim\u00e9e":"1 minute"},"schema":{"@context":"https:\/\/schema.org","@graph":[{"@type":"WebPage","@id":"https:\/\/www.colombodesign.com\/fr\/cabins-and-shower-cubicles\/","url":"https:\/\/www.colombodesign.com\/fr\/cabins-and-shower-cubicles\/","name":"Cabines et parois de douche &#8226; Colombo Design","isPartOf":{"@id":"https:\/\/www.colombodesign.com\/#website"},"datePublished":"2022-01-19T12:08:28+00:00","dateModified":"2022-05-19T10:35:22+00:00","breadcrumb":{"@id":"https:\/\/www.colombodesign.com\/fr\/cabins-and-shower-cubicles\/#breadcrumb"},"inLanguage":"fr-FR","potentialAction":[{"@type":"ReadAction","target":["https:\/\/www.colombodesign.com\/fr\/cabins-and-shower-cubicles\/"]}]},{"@type":"BreadcrumbList","@id":"https:\/\/www.colombodesign.com\/fr\/cabins-and-shower-cubicles\/#breadcrumb","itemListElement":[{"@type":"ListItem","position":1,"name":"Home","item":"https:\/\/www.colombodesign.com\/fr\/"},{"@type":"ListItem","position":2,"name":"Cabines et parois de douche"}]},{"@type":"WebSite","@id":"https:\/\/www.colombodesign.com\/#website","url":"https:\/\/www.colombodesign.com\/","name":"Colombo Design","description":"Maniglie, accessori bagno ed arredo bagno","publisher":{"@id":"https:\/\/www.colombodesign.com\/#organization"},"potentialAction":[{"@type":"SearchAction","target":{"@type":"EntryPoint","urlTemplate":"https:\/\/www.colombodesign.com\/?s={search_term_string}"},"query-input":{"@type":"PropertyValueSpecification","valueRequired":true,"valueName":"search_term_string"}}],"inLanguage":"fr-FR"},{"@type":"Organization","@id":"https:\/\/www.colombodesign.com\/#organization","name":"Colombo Design","url":"https:\/\/www.colombodesign.com\/","logo":{"@type":"ImageObject","inLanguage":"fr-FR","@id":"https:\/\/www.colombodesign.com\/#\/schema\/logo\/image\/","url":"https:\/\/www.colombodesign.com\/wp-content\/uploads\/2022\/03\/colombo-design-logo.png","contentUrl":"https:\/\/www.colombodesign.com\/wp-content\/uploads\/2022\/03\/colombo-design-logo.png","width":186,"height":82,"caption":"Colombo Design"},"image":{"@id":"https:\/\/www.colombodesign.com\/#\/schema\/logo\/image\/"},"sameAs":["https:\/\/www.facebook.com\/colombodesignspa\/","https:\/\/www.instagram.com\/colombodesign\/","https:\/\/www.linkedin.com\/company\/colombo-design-s-p-a-\/","https:\/\/www.pinterest.it\/colombodesignofficial\/","https:\/\/www.youtube.com\/channel\/UCukdBqTYLtBAzzCj6UUYBtA"]}]}},"_links":{"self":[{"href":"https:\/\/www.colombodesign.com\/fr\/wp-json\/wp\/v2\/pages\/50569","targetHints":{"allow":["GET"]}}],"collection":[{"href":"https:\/\/www.colombodesign.com\/fr\/wp-json\/wp\/v2\/pages"}],"about":[{"href":"https:\/\/www.colombodesign.com\/fr\/wp-json\/wp\/v2\/types\/page"}],"author":[{"embeddable":true,"href":"https:\/\/www.colombodesign.com\/fr\/wp-json\/wp\/v2\/users\/7"}],"replies":[{"embeddable":true,"href":"https:\/\/www.colombodesign.com\/fr\/wp-json\/wp\/v2\/comments?post=50569"}],"version-history":[{"count":3,"href":"https:\/\/www.colombodesign.com\/fr\/wp-json\/wp\/v2\/pages\/50569\/revisions"}],"predecessor-version":[{"id":50581,"href":"https:\/\/www.colombodesign.com\/fr\/wp-json\/wp\/v2\/pages\/50569\/revisions\/50581"}],"wp:attachment":[{"href":"https:\/\/www.colombodesign.com\/fr\/wp-json\/wp\/v2\/media?parent=50569"}],"curies":[{"name":"wp","href":"https:\/\/api.w.org\/{rel}","templated":true}]}}