{"id":50789,"date":"2022-01-12T16:08:56","date_gmt":"2022-01-12T15:08:56","guid":{"rendered":"https:\/\/www.colombodesign.com\/3d-download\/"},"modified":"2022-06-24T10:58:41","modified_gmt":"2022-06-24T08:58:41","slug":"3d-download","status":"publish","type":"page","link":"https:\/\/www.colombodesign.com\/fr\/3d-download\/","title":{"rendered":"T\u00e9l\u00e9chargement 3D"},"content":{"rendered":"\n<h2 class=\"wp-block-heading\">Zone de t\u00e9l\u00e9chargement<\/h2>\n\n\n\n<p>Nous sommes toujours sensibles aux besoins des professionnels qui choisissent les produits Colombo Design pour leurs projets.<\/p>\n\n\n\n<p>Cette zone du site permet aux architectes, designers et revendeurs d&rsquo;avoir un acc\u00e8s prioritaire afin de t\u00e9l\u00e9charger nos mod\u00e8les 3D.<\/p>\n\n\n\n<p><\/p>\n\n\n\n<div class=\"wp-block-buttons is-horizontal is-content-justification-center is-layout-flex wp-container-core-buttons-is-layout-499968f5 wp-block-buttons-is-layout-flex\">\n<div class=\"wp-block-button\"><a class=\"wp-block-button__link\" href=\"http:\/\/download.colombodesign.com\/?lang=en\" target=\"_blank\" rel=\"noreferrer noopener\">LOGIN<\/a><\/div>\n\n\n\n<div class=\"wp-block-button\"><a class=\"wp-block-button__link\" href=\"http:\/\/privacy.colombodesign.com\/area-download-3d\/\" target=\"_blank\" rel=\"noreferrer noopener\">REGISTER<\/a><\/div>\n<\/div>\n\n\n\n<p><\/p>\n","protected":false},"excerpt":{"rendered":"<p>Zone de t\u00e9l\u00e9chargement Nous sommes toujours sensibles aux besoins des professionnels qui choisissent les produits Colombo Design pour leurs projets. Cette zone du site permet aux architectes, designers et revendeurs d&rsquo;avoir un acc\u00e8s prioritaire afin de t\u00e9l\u00e9charger nos mod\u00e8les 3D.<\/p>\n","protected":false},"author":7,"featured_media":0,"parent":0,"menu_order":0,"comment_status":"closed","ping_status":"closed","template":"template_chisiamo.php","meta":{"_acf_changed":false,"footnotes":""},"class_list":["post-50789","page","type-page","status-publish","hentry"],"acf":[],"yoast_head":"<!-- This site is optimized with the Yoast SEO plugin v27.2 - https:\/\/yoast.com\/product\/yoast-seo-wordpress\/ -->\n<title>T\u00e9l\u00e9chargement 3D &#8226; Colombo Design<\/title>\n<meta name=\"robots\" content=\"index, follow, max-snippet:-1, max-image-preview:large, max-video-preview:-1\" \/>\n<link rel=\"canonical\" href=\"https:\/\/www.colombodesign.com\/fr\/3d-download\/\" \/>\n<meta property=\"og:locale\" content=\"fr_FR\" \/>\n<meta property=\"og:type\" content=\"article\" \/>\n<meta property=\"og:title\" content=\"T\u00e9l\u00e9chargement 3D &#8226; Colombo Design\" \/>\n<meta property=\"og:description\" content=\"Zone de t\u00e9l\u00e9chargement Nous sommes toujours sensibles aux besoins des professionnels qui choisissent les produits Colombo Design pour leurs projets. Cette zone du site permet aux architectes, designers et revendeurs d&rsquo;avoir un acc\u00e8s prioritaire afin de t\u00e9l\u00e9charger nos mod\u00e8les 3D.\" \/>\n<meta property=\"og:url\" content=\"https:\/\/www.colombodesign.com\/fr\/3d-download\/\" \/>\n<meta property=\"og:site_name\" content=\"Colombo Design\" \/>\n<meta property=\"article:publisher\" content=\"https:\/\/www.facebook.com\/colombodesignspa\/\" \/>\n<meta property=\"article:modified_time\" content=\"2022-06-24T08:58:41+00:00\" \/>\n<meta name=\"twitter:card\" content=\"summary_large_image\" \/>\n<meta name=\"twitter:label1\" content=\"Dur\u00e9e de lecture estim\u00e9e\" \/>\n\t<meta name=\"twitter:data1\" content=\"1 minute\" \/>\n<script type=\"application\/ld+json\" class=\"yoast-schema-graph\">{\"@context\":\"https:\/\/schema.org\",\"@graph\":[{\"@type\":\"WebPage\",\"@id\":\"https:\/\/www.colombodesign.com\/fr\/3d-download\/\",\"url\":\"https:\/\/www.colombodesign.com\/fr\/3d-download\/\",\"name\":\"T\u00e9l\u00e9chargement 3D &#8226; Colombo Design\",\"isPartOf\":{\"@id\":\"https:\/\/www.colombodesign.com\/#website\"},\"datePublished\":\"2022-01-12T15:08:56+00:00\",\"dateModified\":\"2022-06-24T08:58:41+00:00\",\"breadcrumb\":{\"@id\":\"https:\/\/www.colombodesign.com\/fr\/3d-download\/#breadcrumb\"},\"inLanguage\":\"fr-FR\",\"potentialAction\":[{\"@type\":\"ReadAction\",\"target\":[\"https:\/\/www.colombodesign.com\/fr\/3d-download\/\"]}]},{\"@type\":\"BreadcrumbList\",\"@id\":\"https:\/\/www.colombodesign.com\/fr\/3d-download\/#breadcrumb\",\"itemListElement\":[{\"@type\":\"ListItem\",\"position\":1,\"name\":\"Home\",\"item\":\"https:\/\/www.colombodesign.com\/fr\/\"},{\"@type\":\"ListItem\",\"position\":2,\"name\":\"T\u00e9l\u00e9chargement 3D\"}]},{\"@type\":\"WebSite\",\"@id\":\"https:\/\/www.colombodesign.com\/#website\",\"url\":\"https:\/\/www.colombodesign.com\/\",\"name\":\"Colombo Design\",\"description\":\"Maniglie, accessori bagno ed arredo bagno\",\"publisher\":{\"@id\":\"https:\/\/www.colombodesign.com\/#organization\"},\"potentialAction\":[{\"@type\":\"SearchAction\",\"target\":{\"@type\":\"EntryPoint\",\"urlTemplate\":\"https:\/\/www.colombodesign.com\/?s={search_term_string}\"},\"query-input\":{\"@type\":\"PropertyValueSpecification\",\"valueRequired\":true,\"valueName\":\"search_term_string\"}}],\"inLanguage\":\"fr-FR\"},{\"@type\":\"Organization\",\"@id\":\"https:\/\/www.colombodesign.com\/#organization\",\"name\":\"Colombo Design\",\"url\":\"https:\/\/www.colombodesign.com\/\",\"logo\":{\"@type\":\"ImageObject\",\"inLanguage\":\"fr-FR\",\"@id\":\"https:\/\/www.colombodesign.com\/#\/schema\/logo\/image\/\",\"url\":\"https:\/\/www.colombodesign.com\/wp-content\/uploads\/2022\/03\/colombo-design-logo.png\",\"contentUrl\":\"https:\/\/www.colombodesign.com\/wp-content\/uploads\/2022\/03\/colombo-design-logo.png\",\"width\":186,\"height\":82,\"caption\":\"Colombo Design\"},\"image\":{\"@id\":\"https:\/\/www.colombodesign.com\/#\/schema\/logo\/image\/\"},\"sameAs\":[\"https:\/\/www.facebook.com\/colombodesignspa\/\",\"https:\/\/www.instagram.com\/colombodesign\/\",\"https:\/\/www.linkedin.com\/company\/colombo-design-s-p-a-\/\",\"https:\/\/www.pinterest.it\/colombodesignofficial\/\",\"https:\/\/www.youtube.com\/channel\/UCukdBqTYLtBAzzCj6UUYBtA\"]}]}<\/script>\n<!-- \/ Yoast SEO plugin. -->","yoast_head_json":{"title":"T\u00e9l\u00e9chargement 3D &#8226; Colombo Design","robots":{"index":"index","follow":"follow","max-snippet":"max-snippet:-1","max-image-preview":"max-image-preview:large","max-video-preview":"max-video-preview:-1"},"canonical":"https:\/\/www.colombodesign.com\/fr\/3d-download\/","og_locale":"fr_FR","og_type":"article","og_title":"T\u00e9l\u00e9chargement 3D &#8226; Colombo Design","og_description":"Zone de t\u00e9l\u00e9chargement Nous sommes toujours sensibles aux besoins des professionnels qui choisissent les produits Colombo Design pour leurs projets. Cette zone du site permet aux architectes, designers et revendeurs d&rsquo;avoir un acc\u00e8s prioritaire afin de t\u00e9l\u00e9charger nos mod\u00e8les 3D.","og_url":"https:\/\/www.colombodesign.com\/fr\/3d-download\/","og_site_name":"Colombo Design","article_publisher":"https:\/\/www.facebook.com\/colombodesignspa\/","article_modified_time":"2022-06-24T08:58:41+00:00","twitter_card":"summary_large_image","twitter_misc":{"Dur\u00e9e de lecture estim\u00e9e":"1 minute"},"schema":{"@context":"https:\/\/schema.org","@graph":[{"@type":"WebPage","@id":"https:\/\/www.colombodesign.com\/fr\/3d-download\/","url":"https:\/\/www.colombodesign.com\/fr\/3d-download\/","name":"T\u00e9l\u00e9chargement 3D &#8226; Colombo Design","isPartOf":{"@id":"https:\/\/www.colombodesign.com\/#website"},"datePublished":"2022-01-12T15:08:56+00:00","dateModified":"2022-06-24T08:58:41+00:00","breadcrumb":{"@id":"https:\/\/www.colombodesign.com\/fr\/3d-download\/#breadcrumb"},"inLanguage":"fr-FR","potentialAction":[{"@type":"ReadAction","target":["https:\/\/www.colombodesign.com\/fr\/3d-download\/"]}]},{"@type":"BreadcrumbList","@id":"https:\/\/www.colombodesign.com\/fr\/3d-download\/#breadcrumb","itemListElement":[{"@type":"ListItem","position":1,"name":"Home","item":"https:\/\/www.colombodesign.com\/fr\/"},{"@type":"ListItem","position":2,"name":"T\u00e9l\u00e9chargement 3D"}]},{"@type":"WebSite","@id":"https:\/\/www.colombodesign.com\/#website","url":"https:\/\/www.colombodesign.com\/","name":"Colombo Design","description":"Maniglie, accessori bagno ed arredo bagno","publisher":{"@id":"https:\/\/www.colombodesign.com\/#organization"},"potentialAction":[{"@type":"SearchAction","target":{"@type":"EntryPoint","urlTemplate":"https:\/\/www.colombodesign.com\/?s={search_term_string}"},"query-input":{"@type":"PropertyValueSpecification","valueRequired":true,"valueName":"search_term_string"}}],"inLanguage":"fr-FR"},{"@type":"Organization","@id":"https:\/\/www.colombodesign.com\/#organization","name":"Colombo Design","url":"https:\/\/www.colombodesign.com\/","logo":{"@type":"ImageObject","inLanguage":"fr-FR","@id":"https:\/\/www.colombodesign.com\/#\/schema\/logo\/image\/","url":"https:\/\/www.colombodesign.com\/wp-content\/uploads\/2022\/03\/colombo-design-logo.png","contentUrl":"https:\/\/www.colombodesign.com\/wp-content\/uploads\/2022\/03\/colombo-design-logo.png","width":186,"height":82,"caption":"Colombo Design"},"image":{"@id":"https:\/\/www.colombodesign.com\/#\/schema\/logo\/image\/"},"sameAs":["https:\/\/www.facebook.com\/colombodesignspa\/","https:\/\/www.instagram.com\/colombodesign\/","https:\/\/www.linkedin.com\/company\/colombo-design-s-p-a-\/","https:\/\/www.pinterest.it\/colombodesignofficial\/","https:\/\/www.youtube.com\/channel\/UCukdBqTYLtBAzzCj6UUYBtA"]}]}},"_links":{"self":[{"href":"https:\/\/www.colombodesign.com\/fr\/wp-json\/wp\/v2\/pages\/50789","targetHints":{"allow":["GET"]}}],"collection":[{"href":"https:\/\/www.colombodesign.com\/fr\/wp-json\/wp\/v2\/pages"}],"about":[{"href":"https:\/\/www.colombodesign.com\/fr\/wp-json\/wp\/v2\/types\/page"}],"author":[{"embeddable":true,"href":"https:\/\/www.colombodesign.com\/fr\/wp-json\/wp\/v2\/users\/7"}],"replies":[{"embeddable":true,"href":"https:\/\/www.colombodesign.com\/fr\/wp-json\/wp\/v2\/comments?post=50789"}],"version-history":[{"count":2,"href":"https:\/\/www.colombodesign.com\/fr\/wp-json\/wp\/v2\/pages\/50789\/revisions"}],"predecessor-version":[{"id":52487,"href":"https:\/\/www.colombodesign.com\/fr\/wp-json\/wp\/v2\/pages\/50789\/revisions\/52487"}],"wp:attachment":[{"href":"https:\/\/www.colombodesign.com\/fr\/wp-json\/wp\/v2\/media?parent=50789"}],"curies":[{"name":"wp","href":"https:\/\/api.w.org\/{rel}","templated":true}]}}