{"id":55973,"date":"2024-07-01T09:04:05","date_gmt":"2024-07-01T07:04:05","guid":{"rendered":"https:\/\/www.colombodesign.com\/?page_id=55973"},"modified":"2025-10-31T10:20:57","modified_gmt":"2025-10-31T09:20:57","slug":"production-de-poignees-pour-portes-fenetres-et-meubles-et-accessoires-sanitaires","status":"publish","type":"page","link":"https:\/\/www.colombodesign.com\/fr\/","title":{"rendered":"Production de poign\u00e9es pour portes, fen\u00eatres et meubles et accessoires sanitaires."},"content":{"rendered":"\n<p>Cr\u00e9ativit\u00e9, savoir-faire, souci du d\u00e9tail, excellence de fabrication et production locale sont des \u00e9l\u00e9ments distinctifs de Colombo Design, une entreprise reconnue internationalement pour la qualit\u00e9 de ses produits enti\u00e8rement Made in Italy et con\u00e7us en collaboration avec les plus importants designers et studios du monde.<\/p>\n","protected":false},"excerpt":{"rendered":"<p>Cr\u00e9ativit\u00e9, savoir-faire, souci du d\u00e9tail, excellence de fabrication et production locale sont des \u00e9l\u00e9ments distinctifs de Colombo Design, une entreprise reconnue internationalement pour la qualit\u00e9 de ses produits enti\u00e8rement Made in Italy et con\u00e7us en collaboration avec les plus importants designers et studios du monde.<\/p>\n","protected":false},"author":7,"featured_media":0,"parent":0,"menu_order":0,"comment_status":"closed","ping_status":"closed","template":"template_home-nuova.php","meta":{"_acf_changed":false,"footnotes":""},"class_list":["post-55973","page","type-page","status-publish","hentry"],"acf":[],"yoast_head":"<!-- This site is optimized with the Yoast SEO plugin v27.2 - https:\/\/yoast.com\/product\/yoast-seo-wordpress\/ -->\n<title>Production de poign\u00e9es pour portes, fen\u00eatres et meubles et accessoires sanitaires. &#8226; Colombo Design<\/title>\n<meta name=\"robots\" content=\"index, follow, max-snippet:-1, max-image-preview:large, max-video-preview:-1\" \/>\n<link rel=\"canonical\" href=\"https:\/\/www.colombodesign.com\/fr\/\" \/>\n<meta property=\"og:locale\" content=\"fr_FR\" \/>\n<meta property=\"og:type\" content=\"article\" \/>\n<meta property=\"og:title\" content=\"Production de poign\u00e9es pour portes, fen\u00eatres et meubles et accessoires sanitaires. &#8226; Colombo Design\" \/>\n<meta property=\"og:description\" content=\"Cr\u00e9ativit\u00e9, savoir-faire, souci du d\u00e9tail, excellence de fabrication et production locale sont des \u00e9l\u00e9ments distinctifs de Colombo Design, une entreprise reconnue internationalement pour la qualit\u00e9 de ses produits enti\u00e8rement Made in Italy et con\u00e7us en collaboration avec les plus importants designers et studios du monde.\" \/>\n<meta property=\"og:url\" content=\"https:\/\/www.colombodesign.com\/fr\/\" \/>\n<meta property=\"og:site_name\" content=\"Colombo Design\" \/>\n<meta property=\"article:publisher\" content=\"https:\/\/www.facebook.com\/colombodesignspa\/\" \/>\n<meta property=\"article:modified_time\" content=\"2025-10-31T09:20:57+00:00\" \/>\n<meta name=\"twitter:card\" content=\"summary_large_image\" \/>\n<meta name=\"twitter:label1\" content=\"Dur\u00e9e de lecture estim\u00e9e\" \/>\n\t<meta name=\"twitter:data1\" content=\"1 minute\" \/>\n<script type=\"application\/ld+json\" class=\"yoast-schema-graph\">{\"@context\":\"https:\/\/schema.org\",\"@graph\":[{\"@type\":\"WebPage\",\"@id\":\"https:\/\/www.colombodesign.com\/fr\/\",\"url\":\"https:\/\/www.colombodesign.com\/fr\/\",\"name\":\"Production de poign\u00e9es pour portes, fen\u00eatres et meubles et accessoires sanitaires. &#8226; Colombo Design\",\"isPartOf\":{\"@id\":\"https:\/\/www.colombodesign.com\/#website\"},\"datePublished\":\"2024-07-01T07:04:05+00:00\",\"dateModified\":\"2025-10-31T09:20:57+00:00\",\"breadcrumb\":{\"@id\":\"https:\/\/www.colombodesign.com\/fr\/#breadcrumb\"},\"inLanguage\":\"fr-FR\",\"potentialAction\":[{\"@type\":\"ReadAction\",\"target\":[\"https:\/\/www.colombodesign.com\/fr\/\"]}]},{\"@type\":\"BreadcrumbList\",\"@id\":\"https:\/\/www.colombodesign.com\/fr\/#breadcrumb\",\"itemListElement\":[{\"@type\":\"ListItem\",\"position\":1,\"name\":\"Home\",\"item\":\"https:\/\/www.colombodesign.com\/fr\/\"},{\"@type\":\"ListItem\",\"position\":2,\"name\":\"Production de poign\u00e9es pour portes, fen\u00eatres et meubles et accessoires sanitaires.\"}]},{\"@type\":\"WebSite\",\"@id\":\"https:\/\/www.colombodesign.com\/#website\",\"url\":\"https:\/\/www.colombodesign.com\/\",\"name\":\"Colombo Design\",\"description\":\"Maniglie, accessori bagno ed arredo bagno\",\"publisher\":{\"@id\":\"https:\/\/www.colombodesign.com\/#organization\"},\"potentialAction\":[{\"@type\":\"SearchAction\",\"target\":{\"@type\":\"EntryPoint\",\"urlTemplate\":\"https:\/\/www.colombodesign.com\/?s={search_term_string}\"},\"query-input\":{\"@type\":\"PropertyValueSpecification\",\"valueRequired\":true,\"valueName\":\"search_term_string\"}}],\"inLanguage\":\"fr-FR\"},{\"@type\":\"Organization\",\"@id\":\"https:\/\/www.colombodesign.com\/#organization\",\"name\":\"Colombo Design\",\"url\":\"https:\/\/www.colombodesign.com\/\",\"logo\":{\"@type\":\"ImageObject\",\"inLanguage\":\"fr-FR\",\"@id\":\"https:\/\/www.colombodesign.com\/#\/schema\/logo\/image\/\",\"url\":\"https:\/\/www.colombodesign.com\/wp-content\/uploads\/2022\/03\/colombo-design-logo.png\",\"contentUrl\":\"https:\/\/www.colombodesign.com\/wp-content\/uploads\/2022\/03\/colombo-design-logo.png\",\"width\":186,\"height\":82,\"caption\":\"Colombo Design\"},\"image\":{\"@id\":\"https:\/\/www.colombodesign.com\/#\/schema\/logo\/image\/\"},\"sameAs\":[\"https:\/\/www.facebook.com\/colombodesignspa\/\",\"https:\/\/www.instagram.com\/colombodesign\/\",\"https:\/\/www.linkedin.com\/company\/colombo-design-s-p-a-\/\",\"https:\/\/www.pinterest.it\/colombodesignofficial\/\",\"https:\/\/www.youtube.com\/channel\/UCukdBqTYLtBAzzCj6UUYBtA\"]}]}<\/script>\n<!-- \/ Yoast SEO plugin. -->","yoast_head_json":{"title":"Production de poign\u00e9es pour portes, fen\u00eatres et meubles et accessoires sanitaires. &#8226; Colombo Design","robots":{"index":"index","follow":"follow","max-snippet":"max-snippet:-1","max-image-preview":"max-image-preview:large","max-video-preview":"max-video-preview:-1"},"canonical":"https:\/\/www.colombodesign.com\/fr\/","og_locale":"fr_FR","og_type":"article","og_title":"Production de poign\u00e9es pour portes, fen\u00eatres et meubles et accessoires sanitaires. &#8226; Colombo Design","og_description":"Cr\u00e9ativit\u00e9, savoir-faire, souci du d\u00e9tail, excellence de fabrication et production locale sont des \u00e9l\u00e9ments distinctifs de Colombo Design, une entreprise reconnue internationalement pour la qualit\u00e9 de ses produits enti\u00e8rement Made in Italy et con\u00e7us en collaboration avec les plus importants designers et studios du monde.","og_url":"https:\/\/www.colombodesign.com\/fr\/","og_site_name":"Colombo Design","article_publisher":"https:\/\/www.facebook.com\/colombodesignspa\/","article_modified_time":"2025-10-31T09:20:57+00:00","twitter_card":"summary_large_image","twitter_misc":{"Dur\u00e9e de lecture estim\u00e9e":"1 minute"},"schema":{"@context":"https:\/\/schema.org","@graph":[{"@type":"WebPage","@id":"https:\/\/www.colombodesign.com\/fr\/","url":"https:\/\/www.colombodesign.com\/fr\/","name":"Production de poign\u00e9es pour portes, fen\u00eatres et meubles et accessoires sanitaires. &#8226; Colombo Design","isPartOf":{"@id":"https:\/\/www.colombodesign.com\/#website"},"datePublished":"2024-07-01T07:04:05+00:00","dateModified":"2025-10-31T09:20:57+00:00","breadcrumb":{"@id":"https:\/\/www.colombodesign.com\/fr\/#breadcrumb"},"inLanguage":"fr-FR","potentialAction":[{"@type":"ReadAction","target":["https:\/\/www.colombodesign.com\/fr\/"]}]},{"@type":"BreadcrumbList","@id":"https:\/\/www.colombodesign.com\/fr\/#breadcrumb","itemListElement":[{"@type":"ListItem","position":1,"name":"Home","item":"https:\/\/www.colombodesign.com\/fr\/"},{"@type":"ListItem","position":2,"name":"Production de poign\u00e9es pour portes, fen\u00eatres et meubles et accessoires sanitaires."}]},{"@type":"WebSite","@id":"https:\/\/www.colombodesign.com\/#website","url":"https:\/\/www.colombodesign.com\/","name":"Colombo Design","description":"Maniglie, accessori bagno ed arredo bagno","publisher":{"@id":"https:\/\/www.colombodesign.com\/#organization"},"potentialAction":[{"@type":"SearchAction","target":{"@type":"EntryPoint","urlTemplate":"https:\/\/www.colombodesign.com\/?s={search_term_string}"},"query-input":{"@type":"PropertyValueSpecification","valueRequired":true,"valueName":"search_term_string"}}],"inLanguage":"fr-FR"},{"@type":"Organization","@id":"https:\/\/www.colombodesign.com\/#organization","name":"Colombo Design","url":"https:\/\/www.colombodesign.com\/","logo":{"@type":"ImageObject","inLanguage":"fr-FR","@id":"https:\/\/www.colombodesign.com\/#\/schema\/logo\/image\/","url":"https:\/\/www.colombodesign.com\/wp-content\/uploads\/2022\/03\/colombo-design-logo.png","contentUrl":"https:\/\/www.colombodesign.com\/wp-content\/uploads\/2022\/03\/colombo-design-logo.png","width":186,"height":82,"caption":"Colombo Design"},"image":{"@id":"https:\/\/www.colombodesign.com\/#\/schema\/logo\/image\/"},"sameAs":["https:\/\/www.facebook.com\/colombodesignspa\/","https:\/\/www.instagram.com\/colombodesign\/","https:\/\/www.linkedin.com\/company\/colombo-design-s-p-a-\/","https:\/\/www.pinterest.it\/colombodesignofficial\/","https:\/\/www.youtube.com\/channel\/UCukdBqTYLtBAzzCj6UUYBtA"]}]}},"_links":{"self":[{"href":"https:\/\/www.colombodesign.com\/fr\/wp-json\/wp\/v2\/pages\/55973","targetHints":{"allow":["GET"]}}],"collection":[{"href":"https:\/\/www.colombodesign.com\/fr\/wp-json\/wp\/v2\/pages"}],"about":[{"href":"https:\/\/www.colombodesign.com\/fr\/wp-json\/wp\/v2\/types\/page"}],"author":[{"embeddable":true,"href":"https:\/\/www.colombodesign.com\/fr\/wp-json\/wp\/v2\/users\/7"}],"replies":[{"embeddable":true,"href":"https:\/\/www.colombodesign.com\/fr\/wp-json\/wp\/v2\/comments?post=55973"}],"version-history":[{"count":6,"href":"https:\/\/www.colombodesign.com\/fr\/wp-json\/wp\/v2\/pages\/55973\/revisions"}],"predecessor-version":[{"id":67206,"href":"https:\/\/www.colombodesign.com\/fr\/wp-json\/wp\/v2\/pages\/55973\/revisions\/67206"}],"wp:attachment":[{"href":"https:\/\/www.colombodesign.com\/fr\/wp-json\/wp\/v2\/media?parent=55973"}],"curies":[{"name":"wp","href":"https:\/\/api.w.org\/{rel}","templated":true}]}}